{"id":827,"date":"2018-08-22T10:04:07","date_gmt":"2018-08-22T08:04:07","guid":{"rendered":"http:\/\/geo-education.ch\/?page_id=827"},"modified":"2022-11-18T10:33:34","modified_gmt":"2022-11-18T09:33:34","slug":"b3c-management-de-la-qualite","status":"publish","type":"page","link":"https:\/\/geo-education.ch\/?page_id=827&lang=fr","title":{"rendered":"Management de la qualit\u00e9 (B3c)"},"content":{"rendered":"<h4>Description<\/h4>\n<p>La qualit\u00e9 et la s\u00e9curit\u00e9 du travail sont des facteurs de succ\u00e8s qui doivent \u00eatre planifi\u00e9s.<\/p>\n<h4>Pr\u00e9requis (recommandations)<\/h4>\n<p>Aucun<\/p>\n<h4>Objectifs<\/h4>\n<p>D\u00e9crire la marche \u00e0 suivre pour la cr\u00e9ation d\u2019un syst\u00e8me de management de la qualit\u00e9. Les points suivants du domaine de la s\u00e9curit\u00e9 au travail doivent \u00eatre appliqu\u00e9s et r\u00e9alis\u00e9s selon les n\u00e9cessit\u00e9s :<\/p>\n<ul>\n<li>Reconna\u00eetre les dangers d\u2019accident.<\/li>\n<li>Comportement juste lors d\u2019accidents.<\/li>\n<li>Sensibilisation sur les dangers potentiels dans le domaine du travail.<\/li>\n<li>\u00c9largissement des connaissances g\u00e9n\u00e9rales en relation avec le courant \u00e9lectrique.<\/li>\n<li>Utiliser correctement les instruments de travail et outils et pr\u00e9venir les dangers.<\/li>\n<li>Signalisation dans la circulation routi\u00e8re.<\/li>\n<\/ul>\n<h4>Contenu<\/h4>\n<h5>Management de qualit\u00e9<\/h5>\n<ul>\n<li>Outils (TQM)<\/li>\n<li>D\u00e9finition de processus, relev\u00e9 et pr\u00e9sentation de processus (mani\u00e8re \/ proc\u00e9d\u00e9s)<\/li>\n<li>Marche \u00e0 suivre pour la cr\u00e9ation d\u2019un syst\u00e8me de management de qualit\u00e9<\/li>\n<li>Planification et ex\u00e9cution<\/li>\n<li>Plans d\u2018action pour l\u2018am\u00e9lioration<\/li>\n<li>Avantages et inconv\u00e9nients d\u2018une certification selon ISO 9001<\/li>\n<\/ul>\n<h5>S\u00e9curit\u00e9 au travail<\/h5>\n<ul>\n<li>Pr\u00e9vention des accidents.<\/li>\n<li>Litt\u00e9rature SUVA (CNA).<\/li>\n<li>Equipements de protection.<\/li>\n<li>Signalisation.<\/li>\n<li>Reconna\u00eetre des dangers d\u2018accident (machines sur le chantier, courant \u00e9lectrique, interrupteur de s\u00e9curit\u00e9 FI, produits toxiques).<\/li>\n<li>Annonces d\u2018accident et proc\u00e9dures.<\/li>\n<li>Voies de fuite, utilisation d\u2018extincteurs, \u00e9teindre de petits feux.<\/li>\n<li>Drogues.<\/li>\n<\/ul>\n<h4>Dur\u00e9e d\u2019\u00e9tude<\/h4>\n<p>16 p\u00e9riodes enseign\u00e9es plus environ 6 p\u00e9riodes de travail individuel.<\/p>\n<h4>Prix du cours<\/h4>\n<p>CHF 350.-<div id=\"themify_builder_content-827\" data-postid=\"827\" class=\"themify_builder_content themify_builder_content-827 themify_builder\">\n    \t<!-- module_row -->\n\t<div  class=\"themify_builder_row module_row clearfix module_row_0 themify_builder_827_row module_row_827-0 tb_2ruk502\">\n\t    \t    <div class=\"row_inner col_align_top\" >\n\t\t\t<div  class=\"module_column tb-column col-full first tb_827_column module_column_0 module_column_827-0-0 tb_ukm3503\">\n\t    \t    \t        <div class=\"tb-column-inner\">\n\t\t        <!-- module buttons -->\n    <div  class=\"module module-buttons tb_37m0503 xlarge solid squared  \">\n\t        \t<div class=\"module-buttons\">\n                            <div class=\"module-buttons-item buttons-fullwidth \">\n\t\t    \t\t\t<a href=\"https:\/\/geo-education.ch\/?tribe_events_cat=management-de-la-qualite&#038;lang=fr\" class=\"ui builder_button tb_default_color\" target=\"_blank\" rel=\"noopener\">\n\t\t    \t\t    \t\t\t<span>Calendrier des prochains cours et inscription en ligne<\/span>\n\t\t    \t\t    \t\t\t<\/a>\n\t\t                    <\/div>\n                    <\/div>\n    <\/div>\n    <!-- \/module buttons -->\n\t        <\/div>\n\t    \t<\/div>\n\t\t    <\/div>\n\t    <!-- \/row_inner -->\n\t<\/div>\n\t<!-- \/module_row -->\n\t<\/div>\n\n\n","protected":false},"excerpt":{"rendered":"<p>Description La qualit\u00e9 et la s\u00e9curit\u00e9 du travail sont des facteurs de succ\u00e8s qui doivent \u00eatre planifi\u00e9s. Pr\u00e9requis (recommandations) Aucun Objectifs D\u00e9crire la marche \u00e0 suivre pour la cr\u00e9ation d\u2019un [&hellip;]<\/p>\n","protected":false},"author":2,"featured_media":0,"parent":784,"menu_order":2,"comment_status":"closed","ping_status":"closed","template":"","meta":{"_price":"","_stock":"","_tribe_ticket_header":"","_tribe_default_ticket_provider":"","_tribe_ticket_capacity":"0","_ticket_start_date":"","_ticket_end_date":"","_tribe_ticket_show_description":"","_tribe_ticket_show_not_going":false,"_tribe_ticket_use_global_stock":"","_tribe_ticket_global_stock_level":"","_global_stock_mode":"","_global_stock_cap":"","_tribe_rsvp_for_event":"","_tribe_ticket_going_count":"","_tribe_ticket_not_going_count":"","_tribe_tickets_list":"[]","_tribe_ticket_has_attendee_info_fields":false,"footnotes":""},"class_list":["post-827","page","type-page","status-publish","hentry","has-post-title","has-post-date","has-post-category","has-post-tag","has-post-comment","has-post-author",""],"_links":{"self":[{"href":"https:\/\/geo-education.ch\/index.php?rest_route=\/wp\/v2\/pages\/827","targetHints":{"allow":["GET"]}}],"collection":[{"href":"https:\/\/geo-education.ch\/index.php?rest_route=\/wp\/v2\/pages"}],"about":[{"href":"https:\/\/geo-education.ch\/index.php?rest_route=\/wp\/v2\/types\/page"}],"author":[{"embeddable":true,"href":"https:\/\/geo-education.ch\/index.php?rest_route=\/wp\/v2\/users\/2"}],"replies":[{"embeddable":true,"href":"https:\/\/geo-education.ch\/index.php?rest_route=%2Fwp%2Fv2%2Fcomments&post=827"}],"version-history":[{"count":5,"href":"https:\/\/geo-education.ch\/index.php?rest_route=\/wp\/v2\/pages\/827\/revisions"}],"predecessor-version":[{"id":16267,"href":"https:\/\/geo-education.ch\/index.php?rest_route=\/wp\/v2\/pages\/827\/revisions\/16267"}],"up":[{"embeddable":true,"href":"https:\/\/geo-education.ch\/index.php?rest_route=\/wp\/v2\/pages\/784"}],"wp:attachment":[{"href":"https:\/\/geo-education.ch\/index.php?rest_route=%2Fwp%2Fv2%2Fmedia&parent=827"}],"curies":[{"name":"wp","href":"https:\/\/api.w.org\/{rel}","templated":true}]}}