{"id":833,"date":"2018-08-22T10:08:00","date_gmt":"2018-08-22T08:08:00","guid":{"rendered":"http:\/\/geo-education.ch\/?page_id=833"},"modified":"2022-11-18T10:43:50","modified_gmt":"2022-11-18T09:43:50","slug":"b3e-gestion-de-projet","status":"publish","type":"page","link":"https:\/\/geo-education.ch\/?page_id=833&lang=fr","title":{"rendered":"Gestion de projet (B3e)"},"content":{"rendered":"<h4>Description<\/h4>\n<p>Conna\u00eetre et pouvoir appliquer les proc\u00e9dures et les techniques qui aident \u00e0 mettre un projet en \u0153uvre avec succ\u00e8s.<\/p>\n<h4>Pr\u00e9requis (recommandations)<\/h4>\n<p>Aucun<\/p>\n<h4>Objectifs<\/h4>\n<p>D\u00e9crire et diff\u00e9rencier les m\u00e9thodes, instruments et modalit\u00e9s de la gestion de projet.<\/p>\n<p>Vous pourrez :<\/p>\n<ul>\n<li>Diff\u00e9rencier les projets des contrats.<\/li>\n<li>Analyser les types de projets.<\/li>\n<li>Structurer et planifier des projets.<\/li>\n<li>Impl\u00e9menter des m\u00e9thodologies de d\u00e9cisions et des r\u00e9solutions de probl\u00e8mes.<\/li>\n<li>D\u00e9terminer des t\u00e2ches de l\u2019organisation de projets.<\/li>\n<li>Analyser des groupes d\u2019exigences.<\/li>\n<li>Evaluer les risques.<\/li>\n<li>Mettre en pratique informations et communications.<\/li>\n<li>Int\u00e9gration dans la pratique.<\/li>\n<\/ul>\n<h4>Contenu<\/h4>\n<ul>\n<li>Principes de r\u00e9alisation pour favoriser le travail de projet.<\/li>\n<li>Planification et organisation de projets.<\/li>\n<li>Ressources (humaines, financi\u00e8res, temporelles).<\/li>\n<li>Fonctions de projets (direction, contr\u00f4le, marketing \/ mercatique, etc.).<\/li>\n<li>Instruments pour trouver des id\u00e9es et pour l\u2019\u00e9valuation d\u2019\u00e9bauches de solutions.<\/li>\n<li>Principes concernant le travail avec des auxiliaires de pr\u00e9sentation.<\/li>\n<li>Direction et gestion des conflits dans le projet.<\/li>\n<li>Planification de transferts.<\/li>\n<\/ul>\n<h4>Dur\u00e9e d\u2019\u00e9tude<\/h4>\n<p>24 p\u00e9riodes enseign\u00e9es plus environ 10 p\u00e9riodes de travail individuel.<\/p>\n<h4>Prix du cours<\/h4>\n<p>CHF 600.-<div id=\"themify_builder_content-833\" data-postid=\"833\" class=\"themify_builder_content themify_builder_content-833 themify_builder\">\n    \t<!-- module_row -->\n\t<div  class=\"themify_builder_row module_row clearfix module_row_0 themify_builder_833_row module_row_833-0 tb_h6ik69\">\n\t    \t    <div class=\"row_inner col_align_top\" >\n\t\t\t<div  class=\"module_column tb-column col-full first tb_833_column module_column_0 module_column_833-0-0 tb_yjo370\">\n\t    \t    \t        <div class=\"tb-column-inner\">\n\t\t        <!-- module buttons -->\n    <div  class=\"module module-buttons tb_da9f70 xlarge solid squared  \">\n\t        \t<div class=\"module-buttons\">\n                            <div class=\"module-buttons-item buttons-fullwidth \">\n\t\t    \t\t\t<a href=\"https:\/\/geo-education.ch\/?tribe_events_cat=gestion-de-projet&#038;lang=fr\" class=\"ui builder_button tb_default_color\" target=\"_blank\" rel=\"noopener\">\n\t\t    \t\t    \t\t\t<span>Calendrier des prochains cours et inscription en ligne<\/span>\n\t\t    \t\t    \t\t\t<\/a>\n\t\t                    <\/div>\n                    <\/div>\n    <\/div>\n    <!-- \/module buttons -->\n\t        <\/div>\n\t    \t<\/div>\n\t\t    <\/div>\n\t    <!-- \/row_inner -->\n\t<\/div>\n\t<!-- \/module_row -->\n\t<\/div>\n\n\n","protected":false},"excerpt":{"rendered":"<p>Description Conna\u00eetre et pouvoir appliquer les proc\u00e9dures et les techniques qui aident \u00e0 mettre un projet en \u0153uvre avec succ\u00e8s. Pr\u00e9requis (recommandations) Aucun Objectifs D\u00e9crire et diff\u00e9rencier les m\u00e9thodes, instruments [&hellip;]<\/p>\n","protected":false},"author":2,"featured_media":0,"parent":784,"menu_order":4,"comment_status":"closed","ping_status":"closed","template":"","meta":{"_price":"","_stock":"","_tribe_ticket_header":"","_tribe_default_ticket_provider":"","_tribe_ticket_capacity":"0","_ticket_start_date":"","_ticket_end_date":"","_tribe_ticket_show_description":"","_tribe_ticket_show_not_going":false,"_tribe_ticket_use_global_stock":"","_tribe_ticket_global_stock_level":"","_global_stock_mode":"","_global_stock_cap":"","_tribe_rsvp_for_event":"","_tribe_ticket_going_count":"","_tribe_ticket_not_going_count":"","_tribe_tickets_list":"[]","_tribe_ticket_has_attendee_info_fields":false,"footnotes":""},"class_list":["post-833","page","type-page","status-publish","hentry","has-post-title","has-post-date","has-post-category","has-post-tag","has-post-comment","has-post-author",""],"_links":{"self":[{"href":"https:\/\/geo-education.ch\/index.php?rest_route=\/wp\/v2\/pages\/833","targetHints":{"allow":["GET"]}}],"collection":[{"href":"https:\/\/geo-education.ch\/index.php?rest_route=\/wp\/v2\/pages"}],"about":[{"href":"https:\/\/geo-education.ch\/index.php?rest_route=\/wp\/v2\/types\/page"}],"author":[{"embeddable":true,"href":"https:\/\/geo-education.ch\/index.php?rest_route=\/wp\/v2\/users\/2"}],"replies":[{"embeddable":true,"href":"https:\/\/geo-education.ch\/index.php?rest_route=%2Fwp%2Fv2%2Fcomments&post=833"}],"version-history":[{"count":6,"href":"https:\/\/geo-education.ch\/index.php?rest_route=\/wp\/v2\/pages\/833\/revisions"}],"predecessor-version":[{"id":16276,"href":"https:\/\/geo-education.ch\/index.php?rest_route=\/wp\/v2\/pages\/833\/revisions\/16276"}],"up":[{"embeddable":true,"href":"https:\/\/geo-education.ch\/index.php?rest_route=\/wp\/v2\/pages\/784"}],"wp:attachment":[{"href":"https:\/\/geo-education.ch\/index.php?rest_route=%2Fwp%2Fv2%2Fmedia&parent=833"}],"curies":[{"name":"wp","href":"https:\/\/api.w.org\/{rel}","templated":true}]}}