{"id":848,"date":"2018-08-22T10:32:59","date_gmt":"2018-08-22T08:32:59","guid":{"rendered":"http:\/\/geo-education.ch\/?page_id=848"},"modified":"2022-12-24T15:36:04","modified_gmt":"2022-12-24T14:36:04","slug":"b4b-modeles-de-donnees","status":"publish","type":"page","link":"https:\/\/geo-education.ch\/?page_id=848&lang=fr","title":{"rendered":"Mod\u00e8les de donn\u00e9es (B4b)"},"content":{"rendered":"<h4>Description<\/h4>\n<p>Les connaissances en mod\u00e8les de donn\u00e9es sont la base pour comprendre le fonctionnement des bases de donn\u00e9es, des SIG et de la mensuration officielle.<\/p>\n<h4>Pr\u00e9requis (recommandations)<\/h4>\n<p>Vous connaissez Windows, utilisez MS Office et \u00eates actifs dans la g\u00e9omatique<\/p>\n<h4>Objectifs<\/h4>\n<ul>\n<li>\u00c9num\u00e9rer les bases des bases de donn\u00e9es relationnelles dans la g\u00e9omatique.<\/li>\n<li>D\u00e9crire le mod\u00e8le des donn\u00e9es de la mensuration officielle.<\/li>\n<\/ul>\n<h4>Contenu<\/h4>\n<ul>\n<li>Mod\u00e8le relationnel, rapports\/relations, valeurs des donn\u00e9es, &#8230;<\/li>\n<li>Mod\u00e8le des donn\u00e9es de la mensuration officielle.<\/li>\n<li>\u00c9tablir un mod\u00e8le de donn\u00e9es simple.<\/li>\n<\/ul>\n<h4>Dur\u00e9e d\u2019\u00e9tude<\/h4>\n<p>16 p\u00e9riodes enseign\u00e9es plus environ 4 p\u00e9riodes de travail individuel.<\/p>\n<h4>Prix du cours<\/h4>\n<p>CHF 400.-<\/p>\n<div id=\"themify_builder_content-848\" data-postid=\"848\" class=\"themify_builder_content themify_builder_content-848 themify_builder\">\n    \t<!-- module_row -->\n\t<div  class=\"themify_builder_row module_row clearfix module_row_0 themify_builder_848_row module_row_848-0 tb_g81h851\">\n\t    \t    <div class=\"row_inner col_align_top\" >\n\t\t\t<div  class=\"module_column tb-column col-full first tb_848_column module_column_0 module_column_848-0-0 tb_qb7a851\">\n\t    \t    \t        <div class=\"tb-column-inner\">\n\t\t        <!-- module buttons -->\n    <div  class=\"module module-buttons tb_km14852 xlarge solid squared  \">\n\t        \t<div class=\"module-buttons\">\n                            <div class=\"module-buttons-item buttons-fullwidth \">\n\t\t    \t\t\t<a href=\"https:\/\/geo-education.ch\/?tribe_events_cat=b4b-modeles-de-donnees&#038;lang=fr\" class=\"ui builder_button tb_default_color\" target=\"_blank\" rel=\"noopener\">\n\t\t    \t\t    \t\t\t<span>Calendrier des prochains cours et inscription en ligne<\/span>\n\t\t    \t\t    \t\t\t<\/a>\n\t\t                    <\/div>\n                    <\/div>\n    <\/div>\n    <!-- \/module buttons -->\n\t        <\/div>\n\t    \t<\/div>\n\t\t    <\/div>\n\t    <!-- \/row_inner -->\n\t<\/div>\n\t<!-- \/module_row -->\n\t<\/div>\n\n\n","protected":false},"excerpt":{"rendered":"<p>Description Les connaissances en mod\u00e8les de donn\u00e9es sont la base pour comprendre le fonctionnement des bases de donn\u00e9es, des SIG et de la mensuration officielle. Pr\u00e9requis (recommandations) Vous connaissez Windows, [&hellip;]<\/p>\n","protected":false},"author":2,"featured_media":0,"parent":837,"menu_order":1,"comment_status":"closed","ping_status":"closed","template":"","meta":{"_price":"","_stock":"","_tribe_ticket_header":"","_tribe_default_ticket_provider":"","_tribe_ticket_capacity":"0","_ticket_start_date":"","_ticket_end_date":"","_tribe_ticket_show_description":"","_tribe_ticket_show_not_going":false,"_tribe_ticket_use_global_stock":"","_tribe_ticket_global_stock_level":"","_global_stock_mode":"","_global_stock_cap":"","_tribe_rsvp_for_event":"","_tribe_ticket_going_count":"","_tribe_ticket_not_going_count":"","_tribe_tickets_list":"[]","_tribe_ticket_has_attendee_info_fields":false,"footnotes":""},"class_list":["post-848","page","type-page","status-publish","hentry","has-post-title","has-post-date","has-post-category","has-post-tag","has-post-comment","has-post-author",""],"_links":{"self":[{"href":"https:\/\/geo-education.ch\/index.php?rest_route=\/wp\/v2\/pages\/848","targetHints":{"allow":["GET"]}}],"collection":[{"href":"https:\/\/geo-education.ch\/index.php?rest_route=\/wp\/v2\/pages"}],"about":[{"href":"https:\/\/geo-education.ch\/index.php?rest_route=\/wp\/v2\/types\/page"}],"author":[{"embeddable":true,"href":"https:\/\/geo-education.ch\/index.php?rest_route=\/wp\/v2\/users\/2"}],"replies":[{"embeddable":true,"href":"https:\/\/geo-education.ch\/index.php?rest_route=%2Fwp%2Fv2%2Fcomments&post=848"}],"version-history":[{"count":11,"href":"https:\/\/geo-education.ch\/index.php?rest_route=\/wp\/v2\/pages\/848\/revisions"}],"predecessor-version":[{"id":16778,"href":"https:\/\/geo-education.ch\/index.php?rest_route=\/wp\/v2\/pages\/848\/revisions\/16778"}],"up":[{"embeddable":true,"href":"https:\/\/geo-education.ch\/index.php?rest_route=\/wp\/v2\/pages\/837"}],"wp:attachment":[{"href":"https:\/\/geo-education.ch\/index.php?rest_route=%2Fwp%2Fv2%2Fmedia&parent=848"}],"curies":[{"name":"wp","href":"https:\/\/api.w.org\/{rel}","templated":true}]}}