{"id":852,"date":"2018-08-22T10:36:26","date_gmt":"2018-08-22T08:36:26","guid":{"rendered":"http:\/\/geo-education.ch\/?page_id=852"},"modified":"2022-12-24T15:31:34","modified_gmt":"2022-12-24T14:31:34","slug":"b4c-formats-interfaces-xml","status":"publish","type":"page","link":"https:\/\/geo-education.ch\/?page_id=852&lang=fr","title":{"rendered":"Formats, interfaces, XML (B4c)"},"content":{"rendered":"<h4>escription<\/h4>\n<p>Conna\u00eetre les diff\u00e9rents formats des donn\u00e9es dans l&#8217;informatique, en particulier dans la g\u00e9omatique constitue la base pour l&#8217;\u00e9change de donn\u00e9es, de fichiers et de projets SIG. Conna\u00eetre les bases du langage XML qui d\u00e9crit et structure les informations ind\u00e9pendamment d\u2019une application.<\/p>\n<h4>Pr\u00e9requis (recommandations)<\/h4>\n<p>Vous utilisez Windows et travaillez avec MS Office et \u00eates familiaris\u00e9s avec les traitements de texte ainsi que les navigateurs web.<\/p>\n<h4>Objectifs<\/h4>\n<ul>\n<li>Appliquer les formats des donn\u00e9es dans la g\u00e9omatique.<\/li>\n<li>Nommer le format optimal pour certaines applications.<\/li>\n<li>Comprendre les interfaces principales ainsi que les formats d\u2019\u00e9change utilis\u00e9s dans la g\u00e9omatique.<\/li>\n<li>Expliquer les crit\u00e8res de choix d\u2019une interface ad\u00e9quate.<\/li>\n<li>\u00c9noncer les bases du changement de formats.<\/li>\n<li>Avoir des notions de base du langage \u00e0 balise extensible (XML \u00ab\u00a0eXtensible Markup Language\u00a0\u00bb).<\/li>\n<li>D\u00e9crire les possibilit\u00e9s d\u2019utilisation de XML dans les applications pratiques.<\/li>\n<\/ul>\n<h4>Contenu<\/h4>\n<ul>\n<li>Formats raster (mod\u00e8les, compressions, g\u00e9or\u00e9f\u00e9rencements).<\/li>\n<li>Formats vecteurs (mod\u00e8les, description des \u00e9l\u00e9ments).<\/li>\n<li>Formats d\u2019\u00e9change (DXF).<\/li>\n<li>Formats d\u2019\u00e9change avec des outils de saisie (GSI, &#8230;).<\/li>\n<li>Signification et but de l\u2019\u00e9change des donn\u00e9es.<\/li>\n<li>Type d\u2019interfaces.<\/li>\n<li>Interfaces dans les architectures OGC (Open Geospatial Consortium).<\/li>\n<li>Programmes de transfert et d\u2019\u00e9dition.<\/li>\n<li>Bases XML (ordres, jeux de caract\u00e8res, attributs et valeurs).<\/li>\n<li>Structure hi\u00e9rarchique de documents XML et autres relations avec diff\u00e9rents formats.<\/li>\n<li>Exemples d\u2019utilisation.<\/li>\n<\/ul>\n<h4>Dur\u00e9e d\u2019\u00e9tude<\/h4>\n<p>32 p\u00e9riodes enseign\u00e9es plus environ 8 p\u00e9riodes de travail individuel.<\/p>\n<h4>Prix du cours<\/h4>\n<p>CHF 950.-<\/p>\n<div id=\"themify_builder_content-852\" data-postid=\"852\" class=\"themify_builder_content themify_builder_content-852 themify_builder\">\n    \t<!-- module_row -->\n\t<div  class=\"themify_builder_row module_row clearfix module_row_0 themify_builder_852_row module_row_852-0 tb_1wib136\">\n\t    \t    <div class=\"row_inner col_align_top\" >\n\t\t\t<div  class=\"module_column tb-column col-full first tb_852_column module_column_0 module_column_852-0-0 tb_dmgx136\">\n\t    \t    \t        <div class=\"tb-column-inner\">\n\t\t        <!-- module buttons -->\n    <div  class=\"module module-buttons tb_3xhg137 xlarge solid squared  \">\n\t        \t<div class=\"module-buttons\">\n                            <div class=\"module-buttons-item buttons-fullwidth \">\n\t\t    \t\t\t<a href=\"https:\/\/geo-education.ch\/?tribe_events_cat=formats-interfaces-xml&#038;lang=fr\" class=\"ui builder_button tb_default_color\" target=\"_blank\" rel=\"noopener\">\n\t\t    \t\t    \t\t\t<span>Calendrier des prochains cours et inscription en ligne<\/span>\n\t\t    \t\t    \t\t\t<\/a>\n\t\t                    <\/div>\n                    <\/div>\n    <\/div>\n    <!-- \/module buttons -->\n\t        <\/div>\n\t    \t<\/div>\n\t\t    <\/div>\n\t    <!-- \/row_inner -->\n\t<\/div>\n\t<!-- \/module_row -->\n\t<\/div>\n\n\n","protected":false},"excerpt":{"rendered":"<p>escription Conna\u00eetre les diff\u00e9rents formats des donn\u00e9es dans l&#8217;informatique, en particulier dans la g\u00e9omatique constitue la base pour l&#8217;\u00e9change de donn\u00e9es, de fichiers et de projets SIG. Conna\u00eetre les bases [&hellip;]<\/p>\n","protected":false},"author":2,"featured_media":0,"parent":837,"menu_order":2,"comment_status":"closed","ping_status":"closed","template":"","meta":{"_price":"","_stock":"","_tribe_ticket_header":"","_tribe_default_ticket_provider":"","_tribe_ticket_capacity":"0","_ticket_start_date":"","_ticket_end_date":"","_tribe_ticket_show_description":"","_tribe_ticket_show_not_going":false,"_tribe_ticket_use_global_stock":"","_tribe_ticket_global_stock_level":"","_global_stock_mode":"","_global_stock_cap":"","_tribe_rsvp_for_event":"","_tribe_ticket_going_count":"","_tribe_ticket_not_going_count":"","_tribe_tickets_list":"[]","_tribe_ticket_has_attendee_info_fields":false,"footnotes":""},"class_list":["post-852","page","type-page","status-publish","hentry","has-post-title","has-post-date","has-post-category","has-post-tag","has-post-comment","has-post-author",""],"_links":{"self":[{"href":"https:\/\/geo-education.ch\/index.php?rest_route=\/wp\/v2\/pages\/852","targetHints":{"allow":["GET"]}}],"collection":[{"href":"https:\/\/geo-education.ch\/index.php?rest_route=\/wp\/v2\/pages"}],"about":[{"href":"https:\/\/geo-education.ch\/index.php?rest_route=\/wp\/v2\/types\/page"}],"author":[{"embeddable":true,"href":"https:\/\/geo-education.ch\/index.php?rest_route=\/wp\/v2\/users\/2"}],"replies":[{"embeddable":true,"href":"https:\/\/geo-education.ch\/index.php?rest_route=%2Fwp%2Fv2%2Fcomments&post=852"}],"version-history":[{"count":9,"href":"https:\/\/geo-education.ch\/index.php?rest_route=\/wp\/v2\/pages\/852\/revisions"}],"predecessor-version":[{"id":16772,"href":"https:\/\/geo-education.ch\/index.php?rest_route=\/wp\/v2\/pages\/852\/revisions\/16772"}],"up":[{"embeddable":true,"href":"https:\/\/geo-education.ch\/index.php?rest_route=\/wp\/v2\/pages\/837"}],"wp:attachment":[{"href":"https:\/\/geo-education.ch\/index.php?rest_route=%2Fwp%2Fv2%2Fmedia&parent=852"}],"curies":[{"name":"wp","href":"https:\/\/api.w.org\/{rel}","templated":true}]}}