{"id":859,"date":"2018-08-22T10:46:36","date_gmt":"2018-08-22T08:46:36","guid":{"rendered":"http:\/\/geo-education.ch\/?page_id=859"},"modified":"2023-06-19T17:48:53","modified_gmt":"2023-06-19T15:48:53","slug":"module-b5-ti-administration","status":"publish","type":"page","link":"https:\/\/geo-education.ch\/?page_id=859&lang=fr","title":{"rendered":"Module B5 TI Administration"},"content":{"rendered":"<div id=\"themify_builder_content-859\" data-postid=\"859\" class=\"themify_builder_content themify_builder_content-859 themify_builder\">\n    \t<!-- module_row -->\n\t<div  class=\"themify_builder_row module_row clearfix module_row_0 themify_builder_859_row module_row_859-0 tb_8c48193\">\n\t    \t    <div class=\"row_inner col_align_top\" >\n\t\t\t<div  class=\"module_column tb-column col-full first tb_859_column module_column_0 module_column_859-0-0 tb_bb05086\">\n\t    \t    \t        <div class=\"tb-column-inner\">\n\t\t        <!-- module feature -->\n   <div  class=\"module module-feature tb_97e8856 with-chart with-overlay-image layout-icon-left size-custom  \">\n        <style type=\"text\/css\">.tb_97e8856 .module-feature-chart-html5 {\n\t\t\t    box-shadow: inset 0 0 0 3px rgba(0,0,0,.1);\n\t\t\t}\n\t\t\t.tb_97e8856 .chart-loaded.chart-html5-fill {\n\t\t\t    box-shadow: inset 0 0 0 3px #de5d5d;\n\t\t    }<\/style>\n        \n        <div class=\"module-feature-image\">\n            <img loading=\"lazy\" decoding=\"async\" width=\"300\" height=\"296\" src=\"https:\/\/geo-education.ch\/wp-content\/uploads\/2018\/08\/B5.png\" class=\" wp-post-image wp-image-548\" title=\"B5\" alt=\"B5\" srcset=\"https:\/\/geo-education.ch\/wp-content\/uploads\/2018\/08\/B5.png 300w, https:\/\/geo-education.ch\/wp-content\/uploads\/2018\/08\/B5-256x252.png 256w, https:\/\/geo-education.ch\/wp-content\/uploads\/2018\/08\/B5-978x964.png 978w\" sizes=\"auto, (max-width: 300px) 100vw, 300px\" \/>\n            \n                <div class=\"module-feature-chart-html5\"\n                                         data-progress=\"0\"\n                         data-progress-end=\"100\"\n                         data-size=\"\"\n                                          >\n                    <div class=\"chart-html5-circle\">\n                                                    <div class=\"chart-html5-mask chart-html5-full\">\n                                <div class=\"chart-html5-fill\"><\/div>\n                            <\/div>\n                            <div class=\"chart-html5-mask chart-html5-half\">\n                                <div class=\"chart-html5-fill\"><\/div>\n                            <\/div>\n                                                <div class=\"chart-html5-inset chart-html5-inset-icon\">\n\n                                                                                            <i class=\"module-feature-icon fa fa-home\"><\/i>                            \n                        <\/div>\n                    <\/div>\n                <\/div>\n\n                        <\/div>\n\n        <div class=\"module-feature-content\">\n\t\t\t\t    <div class=\"tb_text_wrap\">\n\t\t<h5>Apr\u00e8s avoir pass\u00e9 avec succ\u00e8s l\u2019examen de module, vous avez acquis les comp\u00e9tences essentielles suivantes:<\/h5>\n<ul>\n<li>Refl\u00e9ter les exigences des projets informatiques et mettre en \u0153uvre des projets informatiques plus petits.<\/li>\n<li>D\u00e9crire les rapports juridiques existants dans le domaine des TI mettant en \u00e9vidence les responsabilit\u00e9s et le droit p\u00e9nal. D\u00e9crire et appliquer les aspects relatifs \u00e0 la protection des donn\u00e9es.<\/li>\n<li>Identifier les donn\u00e9es \u00e0 prot\u00e9ger et instaurer des mesures de protection appropri\u00e9es au niveau organisationnel, humain et des infrastructures, et \u00e9laborer des concepts pour garantir une base en mati\u00e8re de protection informatique (entre autres des sc\u00e9narios d\u2019urgence en cas de virus informatiques).<\/li>\n<\/ul>\n<h4>DUR\u00c9E D\u2019\u00c9TUDE<\/h4>\n<h5>P\u00e9riodes enseign\u00e9es<\/h5>\n<p>64 p\u00e9riodes<\/p>\n<h5>P\u00e9riodes de travail individuel<\/h5>\n<p>26 p\u00e9riodes<\/p>\n<h4>PR\u00c9REQUIS (RECOMMANDATIONS)<\/h4>\n<p>Aucun<\/p>\n<h4>COURS, CONTENU ET OBJECTIFS<\/h4>\n<h5><a href=\"https:\/\/geo-education.ch\/?page_id=871&amp;lang=fr\">B5a\u00a0TI Gestion de donn\u00e9es<\/a><\/h5>\n<h5><a href=\"https:\/\/geo-education.ch\/?page_id=976&amp;lang=fr\">B5b TI Droit et s\u00e9curit\u00e9<\/a><\/h5>\n<h5><a href=\"https:\/\/geo-education.ch\/?page_id=980&amp;lang=fr\">B5c\u00a0Bases MO<\/a><\/h5>\n<h5><a href=\"https:\/\/geo-education.ch\/?page_id=984&amp;lang=fr\">B5d\u00a0 Bases SIT<\/a><\/h5>\n<h4>PRIX DU MODULE (TOUS LES COURS ET EXAMEN)<\/h4>\n<p>CHF 1\u2019700 .-<\/p>\t    <\/div>\n\t<\/div>\n\n    <\/div>\n    <!-- \/module feature -->\n\t        <\/div>\n\t    \t<\/div>\n\t\t    <\/div>\n\t    <!-- \/row_inner -->\n\t<\/div>\n\t<!-- \/module_row -->\n\t\t<!-- module_row -->\n\t<div  class=\"themify_builder_row module_row clearfix module_row_1 themify_builder_859_row module_row_859-1 tb_a23l893\">\n\t    \t    <div class=\"row_inner col_align_top\" >\n\t\t\t<div  class=\"module_column tb-column col-full first tb_859_column module_column_0 module_column_859-1-0 tb_r146825\">\n\t    \t    \t        <div class=\"tb-column-inner\">\n\t\t        <!-- module buttons -->\n    <div  class=\"module module-buttons tb_pg3e826 xlarge solid squared  \">\n\t        \t<div class=\"module-buttons\">\n                            <div class=\"module-buttons-item buttons-fullwidth \">\n\t\t    \t\t\t<a href=\"https:\/\/geo-education.ch\/?tribe_events_cat=ti-administration&#038;lang=fr\" class=\"ui builder_button tb_default_color\" target=\"_blank\" rel=\"noopener\">\n\t\t    \t\t    \t\t\t<span>Calendrier des prochains cours et inscription en ligne<\/span>\n\t\t    \t\t    \t\t\t<\/a>\n\t\t                    <\/div>\n                    <\/div>\n    <\/div>\n    <!-- \/module buttons -->\n\t        <\/div>\n\t    \t<\/div>\n\t\t    <\/div>\n\t    <!-- \/row_inner -->\n\t<\/div>\n\t<!-- \/module_row -->\n\t<\/div>\n\n\n","protected":false},"excerpt":{"rendered":"<p>Apr\u00e8s avoir pass\u00e9 avec succ\u00e8s l\u2019examen de module, vous avez acquis les comp\u00e9tences essentielles suivantes: Refl\u00e9ter les exigences des projets informatiques et mettre en \u0153uvre des projets informatiques plus petits. [&hellip;]<\/p>\n","protected":false},"author":2,"featured_media":0,"parent":2083,"menu_order":4,"comment_status":"closed","ping_status":"closed","template":"","meta":{"_price":"","_stock":"","_tribe_ticket_header":"","_tribe_default_ticket_provider":"","_tribe_ticket_capacity":"0","_ticket_start_date":"","_ticket_end_date":"","_tribe_ticket_show_description":"","_tribe_ticket_show_not_going":false,"_tribe_ticket_use_global_stock":"","_tribe_ticket_global_stock_level":"","_global_stock_mode":"","_global_stock_cap":"","_tribe_rsvp_for_event":"","_tribe_ticket_going_count":"","_tribe_ticket_not_going_count":"","_tribe_tickets_list":"[]","_tribe_ticket_has_attendee_info_fields":false,"footnotes":""},"class_list":["post-859","page","type-page","status-publish","hentry","has-post-title","has-post-date","has-post-category","has-post-tag","has-post-comment","has-post-author",""],"_links":{"self":[{"href":"https:\/\/geo-education.ch\/index.php?rest_route=\/wp\/v2\/pages\/859","targetHints":{"allow":["GET"]}}],"collection":[{"href":"https:\/\/geo-education.ch\/index.php?rest_route=\/wp\/v2\/pages"}],"about":[{"href":"https:\/\/geo-education.ch\/index.php?rest_route=\/wp\/v2\/types\/page"}],"author":[{"embeddable":true,"href":"https:\/\/geo-education.ch\/index.php?rest_route=\/wp\/v2\/users\/2"}],"replies":[{"embeddable":true,"href":"https:\/\/geo-education.ch\/index.php?rest_route=%2Fwp%2Fv2%2Fcomments&post=859"}],"version-history":[{"count":23,"href":"https:\/\/geo-education.ch\/index.php?rest_route=\/wp\/v2\/pages\/859\/revisions"}],"predecessor-version":[{"id":18964,"href":"https:\/\/geo-education.ch\/index.php?rest_route=\/wp\/v2\/pages\/859\/revisions\/18964"}],"up":[{"embeddable":true,"href":"https:\/\/geo-education.ch\/index.php?rest_route=\/wp\/v2\/pages\/2083"}],"wp:attachment":[{"href":"https:\/\/geo-education.ch\/index.php?rest_route=%2Fwp%2Fv2%2Fmedia&parent=859"}],"curies":[{"name":"wp","href":"https:\/\/api.w.org\/{rel}","templated":true}]}}