{"id":871,"date":"2018-08-22T11:23:17","date_gmt":"2018-08-22T09:23:17","guid":{"rendered":"http:\/\/geo-education.ch\/?page_id=871"},"modified":"2023-06-19T17:57:40","modified_gmt":"2023-06-19T15:57:40","slug":"b5a-ti-gestion-de-donnees","status":"publish","type":"page","link":"https:\/\/geo-education.ch\/?page_id=871&lang=fr","title":{"rendered":"TI Gestion de donn\u00e9es (B5a)"},"content":{"rendered":"<h4>Description<\/h4>\n<p>La planification syst\u00e9matique du classement et de l&#8217;administration des donn\u00e9es est la base de chaque environnement informatique priv\u00e9 ou professionnel.<\/p>\n<h4>Pr\u00e9requis (recommandations)<\/h4>\n<p>Aucun<\/p>\n<h4>Objectifs<\/h4>\n<ul>\n<li>R\u00e9aliser l\u2019\u00e9change de donn\u00e9es dans les r\u00e8gles de l\u2019art.<\/li>\n<li>Traitement critique et exempt d\u2019erreurs des donn\u00e9es fournies.<\/li>\n<li>\u00c9noncer des aspects de s\u00e9curit\u00e9 importants.<\/li>\n<li>Gestion des donn\u00e9es \u2013 r\u00e9aliser des concepts.<\/li>\n<li>Planification et r\u00e9alisation de la gestion des donn\u00e9es lors de renouvellements des proc\u00e9dures dans l\u2019entreprise.<\/li>\n<\/ul>\n<h4>Contenu<\/h4>\n<ul>\n<li>Bases th\u00e9oriques et pratiques pour la cr\u00e9ation d\u2019un gestionnaire des donn\u00e9es.<\/li>\n<li>Syst\u00e8mes de classement.<\/li>\n<li>Traitement de donn\u00e9es.<\/li>\n<li>Aspects de s\u00e9curit\u00e9.<\/li>\n<li>Concepts d\u2019archivage, de sauvetage, de restauration et de r\u00e9paration.<\/li>\n<li>Planification et r\u00e9alisation r\u00e9pondant aux n\u00e9cessit\u00e9s de nouveaux crit\u00e8res d\u2019entreprise.<\/li>\n<\/ul>\n<h4>Dur\u00e9e d\u2019\u00e9tude<\/h4>\n<p>16 p\u00e9riodes enseign\u00e9es plus environ 4 p\u00e9riodes de travail individuel.<\/p>\n<h4>Prix du cours<\/h4>\n<p>CHF 450.-<div id=\"themify_builder_content-871\" data-postid=\"871\" class=\"themify_builder_content themify_builder_content-871 themify_builder\">\n    \t<!-- module_row -->\n\t<div  class=\"themify_builder_row module_row clearfix module_row_0 themify_builder_871_row module_row_871-0 tb_eg9u225\">\n\t    \t    <div class=\"row_inner col_align_top\" >\n\t\t\t<div  class=\"module_column tb-column col-full first tb_871_column module_column_0 module_column_871-0-0 tb_o4od936\">\n\t    \t    \t        <div class=\"tb-column-inner\">\n\t\t        <!-- module buttons -->\n    <div  class=\"module module-buttons tb_ftae936 xlarge solid squared  \">\n\t        \t<div class=\"module-buttons\">\n                            <div class=\"module-buttons-item buttons-fullwidth \">\n\t\t    \t\t\t<a href=\"https:\/\/geo-education.ch\/?tribe_events_cat=ti-gestion-de-donnees-b5a&#038;lang=fr\" class=\"ui builder_button tb_default_color\" target=\"_blank\" rel=\"noopener\">\n\t\t    \t\t    \t\t\t<span>Calendrier des prochains cours et inscription en ligne<\/span>\n\t\t    \t\t    \t\t\t<\/a>\n\t\t                    <\/div>\n                    <\/div>\n    <\/div>\n    <!-- \/module buttons -->\n\t        <\/div>\n\t    \t<\/div>\n\t\t    <\/div>\n\t    <!-- \/row_inner -->\n\t<\/div>\n\t<!-- \/module_row -->\n\t<\/div>\n\n\n","protected":false},"excerpt":{"rendered":"<p>Description La planification syst\u00e9matique du classement et de l&#8217;administration des donn\u00e9es est la base de chaque environnement informatique priv\u00e9 ou professionnel. Pr\u00e9requis (recommandations) Aucun Objectifs R\u00e9aliser l\u2019\u00e9change de donn\u00e9es dans [&hellip;]<\/p>\n","protected":false},"author":2,"featured_media":0,"parent":859,"menu_order":0,"comment_status":"closed","ping_status":"closed","template":"","meta":{"_price":"","_stock":"","_tribe_ticket_header":"","_tribe_default_ticket_provider":"","_tribe_ticket_capacity":"0","_ticket_start_date":"","_ticket_end_date":"","_tribe_ticket_show_description":"","_tribe_ticket_show_not_going":false,"_tribe_ticket_use_global_stock":"","_tribe_ticket_global_stock_level":"","_global_stock_mode":"","_global_stock_cap":"","_tribe_rsvp_for_event":"","_tribe_ticket_going_count":"","_tribe_ticket_not_going_count":"","_tribe_tickets_list":"[]","_tribe_ticket_has_attendee_info_fields":false,"footnotes":""},"class_list":["post-871","page","type-page","status-publish","hentry","has-post-title","has-post-date","has-post-category","has-post-tag","has-post-comment","has-post-author",""],"_links":{"self":[{"href":"https:\/\/geo-education.ch\/index.php?rest_route=\/wp\/v2\/pages\/871","targetHints":{"allow":["GET"]}}],"collection":[{"href":"https:\/\/geo-education.ch\/index.php?rest_route=\/wp\/v2\/pages"}],"about":[{"href":"https:\/\/geo-education.ch\/index.php?rest_route=\/wp\/v2\/types\/page"}],"author":[{"embeddable":true,"href":"https:\/\/geo-education.ch\/index.php?rest_route=\/wp\/v2\/users\/2"}],"replies":[{"embeddable":true,"href":"https:\/\/geo-education.ch\/index.php?rest_route=%2Fwp%2Fv2%2Fcomments&post=871"}],"version-history":[{"count":8,"href":"https:\/\/geo-education.ch\/index.php?rest_route=\/wp\/v2\/pages\/871\/revisions"}],"predecessor-version":[{"id":18971,"href":"https:\/\/geo-education.ch\/index.php?rest_route=\/wp\/v2\/pages\/871\/revisions\/18971"}],"up":[{"embeddable":true,"href":"https:\/\/geo-education.ch\/index.php?rest_route=\/wp\/v2\/pages\/859"}],"wp:attachment":[{"href":"https:\/\/geo-education.ch\/index.php?rest_route=%2Fwp%2Fv2%2Fmedia&parent=871"}],"curies":[{"name":"wp","href":"https:\/\/api.w.org\/{rel}","templated":true}]}}