{"id":882,"date":"2018-08-22T11:40:54","date_gmt":"2018-08-22T09:40:54","guid":{"rendered":"http:\/\/geo-education.ch\/?page_id=882"},"modified":"2021-12-12T11:54:33","modified_gmt":"2021-12-12T10:54:33","slug":"s1a-cadastre-rdppf","status":"publish","type":"page","link":"https:\/\/geo-education.ch\/?page_id=882&lang=fr","title":{"rendered":"Cadastre RDPPF (S1a)"},"content":{"rendered":"<h4>Description<\/h4>\n<p>Les clients des donn\u00e9es cadastrales demandent de plus en plus souvent des donn\u00e9es spatiales qui couvrent tous les droits l\u00e9gaux publics ainsi que les objets construits. Les restrictions de droit priv\u00e9 \u00e0 la propri\u00e9t\u00e9 sont fix\u00e9es dans le registre foncier ainsi que dans les mensurations officielles. Pour les restrictions de droit public \u00e0 la propri\u00e9t\u00e9 (am\u00e9nagement du territoire, environnement, etc.) un nouveau cadastre doit \u00eatre cr\u00e9\u00e9.<\/p>\n<h4>Pr\u00e9requis (recommandations)<\/h4>\n<p>Des connaissances sur les donn\u00e9es de la mensuration officielle, des connaissances de base SIG et d\u2019Interlis sont recommand\u00e9es.<\/p>\n<h4>Objectifs<\/h4>\n<ul>\n<li>D\u00e9crire les restrictions \u00e0 la propri\u00e9t\u00e9.<\/li>\n<li>Expliquer les buts du cadastre et du cadastre des restrictions de droit public et priv\u00e9 \u00e0 la propri\u00e9t\u00e9.<\/li>\n<li>Comprendre le concept du projet cadastre RDPPF.<\/li>\n<\/ul>\n<h4>Contenu<\/h4>\n<ul>\n<li>Vision du cadastre RDPPF.<\/li>\n<li>Concept technique du cadastre RDPPF.<\/li>\n<li>Qu\u2019y a-t-il de neuf avec le cadastre RDPPF ?<\/li>\n<li>Diff\u00e9rence entre cadastre RDPPF et les mod\u00e8les de donn\u00e9es conventionnels.<\/li>\n<li>Restrictions \u00e0 la propri\u00e9t\u00e9 (de droit public \/ de droit priv\u00e9).<\/li>\n<li>Cadastre du territoire, cadastre des restrictions \u00e0 la propri\u00e9t\u00e9 de droit public et priv\u00e9.<\/li>\n<li>Prescriptions de la loi sur la g\u00e9oinformation, \u00e9tude en cours.<\/li>\n<li>Mod\u00e8les, interfaces, composants.<\/li>\n<li>Architecture. Mod\u00e9liser les lois types. Mod\u00e9liser la g\u00e9om\u00e9trie type.<\/li>\n<li>Trucs et astuces lors de la saisie.<\/li>\n<li>Exemples. Perspectives.<\/li>\n<li>Travaux n\u00e9cessaires au niveau f\u00e9d\u00e9ral et cantonal. Besoins des clients.<\/li>\n<\/ul>\n<h4>Dur\u00e9e d\u2019\u00e9tude<\/h4>\n<p>16 p\u00e9riodes enseign\u00e9es plus environ 12 p\u00e9riodes de travail individuel.<\/p>\n<h4>Prix du cours<\/h4>\n<p>CHF 500.-<div id=\"themify_builder_content-882\" data-postid=\"882\" class=\"themify_builder_content themify_builder_content-882 themify_builder\">\n    \t<!-- module_row -->\n\t<div  class=\"themify_builder_row module_row clearfix module_row_0 themify_builder_882_row module_row_882-0 tb_v6n1215\">\n\t    \t    <div class=\"row_inner col_align_top\" >\n\t\t\t<div  class=\"module_column tb-column col-full first tb_882_column module_column_0 module_column_882-0-0 tb_lht7215\">\n\t    \t    \t        <div class=\"tb-column-inner\">\n\t\t        <!-- module buttons -->\n    <div  class=\"module module-buttons tb_q7ef216 xlarge solid squared  \">\n\t        \t<div class=\"module-buttons\">\n                            <div class=\"module-buttons-item buttons-fullwidth \">\n\t\t    \t\t\t<a href=\"https:\/\/geo-education.ch\/?tribe_events_cat=cadastre-rdppf&#038;lang=fr\" class=\"ui builder_button tb_default_color\" target=\"_blank\" rel=\"noopener\">\n\t\t    \t\t    \t\t\t<span>Calendrier des prochains cours et inscription en ligne<\/span>\n\t\t    \t\t    \t\t\t<\/a>\n\t\t                    <\/div>\n                    <\/div>\n    <\/div>\n    <!-- \/module buttons -->\n\t        <\/div>\n\t    \t<\/div>\n\t\t    <\/div>\n\t    <!-- \/row_inner -->\n\t<\/div>\n\t<!-- \/module_row -->\n\t<\/div>\n\n\n","protected":false},"excerpt":{"rendered":"<p>Description Les clients des donn\u00e9es cadastrales demandent de plus en plus souvent des donn\u00e9es spatiales qui couvrent tous les droits l\u00e9gaux publics ainsi que les objets construits. Les restrictions de [&hellip;]<\/p>\n","protected":false},"author":2,"featured_media":0,"parent":877,"menu_order":0,"comment_status":"closed","ping_status":"closed","template":"","meta":{"_price":"","_stock":"","_tribe_ticket_header":"","_tribe_default_ticket_provider":"","_tribe_ticket_capacity":"0","_ticket_start_date":"","_ticket_end_date":"","_tribe_ticket_show_description":"","_tribe_ticket_show_not_going":false,"_tribe_ticket_use_global_stock":"","_tribe_ticket_global_stock_level":"","_global_stock_mode":"","_global_stock_cap":"","_tribe_rsvp_for_event":"","_tribe_ticket_going_count":"","_tribe_ticket_not_going_count":"","_tribe_tickets_list":"[]","_tribe_ticket_has_attendee_info_fields":false,"footnotes":""},"class_list":["post-882","page","type-page","status-publish","hentry","has-post-title","has-post-date","has-post-category","has-post-tag","has-post-comment","has-post-author",""],"_links":{"self":[{"href":"https:\/\/geo-education.ch\/index.php?rest_route=\/wp\/v2\/pages\/882","targetHints":{"allow":["GET"]}}],"collection":[{"href":"https:\/\/geo-education.ch\/index.php?rest_route=\/wp\/v2\/pages"}],"about":[{"href":"https:\/\/geo-education.ch\/index.php?rest_route=\/wp\/v2\/types\/page"}],"author":[{"embeddable":true,"href":"https:\/\/geo-education.ch\/index.php?rest_route=\/wp\/v2\/users\/2"}],"replies":[{"embeddable":true,"href":"https:\/\/geo-education.ch\/index.php?rest_route=%2Fwp%2Fv2%2Fcomments&post=882"}],"version-history":[{"count":7,"href":"https:\/\/geo-education.ch\/index.php?rest_route=\/wp\/v2\/pages\/882\/revisions"}],"predecessor-version":[{"id":14652,"href":"https:\/\/geo-education.ch\/index.php?rest_route=\/wp\/v2\/pages\/882\/revisions\/14652"}],"up":[{"embeddable":true,"href":"https:\/\/geo-education.ch\/index.php?rest_route=\/wp\/v2\/pages\/877"}],"wp:attachment":[{"href":"https:\/\/geo-education.ch\/index.php?rest_route=%2Fwp%2Fv2%2Fmedia&parent=882"}],"curies":[{"name":"wp","href":"https:\/\/api.w.org\/{rel}","templated":true}]}}