{"id":888,"date":"2018-08-22T14:38:16","date_gmt":"2018-08-22T12:38:16","guid":{"rendered":"http:\/\/geo-education.ch\/?page_id=888"},"modified":"2022-02-20T17:39:22","modified_gmt":"2022-02-20T16:39:22","slug":"s2-sit-systemes","status":"publish","type":"page","link":"https:\/\/geo-education.ch\/?page_id=888&lang=fr","title":{"rendered":"Module S2 SIT Syst\u00e8mes"},"content":{"rendered":"<div id=\"themify_builder_content-888\" data-postid=\"888\" class=\"themify_builder_content themify_builder_content-888 themify_builder\">\n    \t<!-- module_row -->\n\t<div  class=\"themify_builder_row module_row clearfix module_row_0 themify_builder_888_row module_row_888-0 tb_5182212\">\n\t    \t    <div class=\"row_inner col_align_top\" >\n\t\t\t<div  class=\"module_column tb-column col-full first tb_888_column module_column_0 module_column_888-0-0 tb_d3af652\">\n\t    \t    \t        <div class=\"tb-column-inner\">\n\t\t        <!-- module feature -->\n   <div  class=\"module module-feature tb_c250e4c with-chart with-overlay-image layout-icon-left size-custom  \">\n        <style type=\"text\/css\">.tb_c250e4c .module-feature-chart-html5 {\n\t\t\t    box-shadow: inset 0 0 0 3px rgba(0,0,0,.1);\n\t\t\t}\n\t\t\t.tb_c250e4c .chart-loaded.chart-html5-fill {\n\t\t\t    box-shadow: inset 0 0 0 3px #de5d5d;\n\t\t    }<\/style>\n        \n        <div class=\"module-feature-image\">\n            <img loading=\"lazy\" decoding=\"async\" width=\"287\" height=\"292\" src=\"https:\/\/geo-education.ch\/wp-content\/uploads\/2018\/08\/S2.png\" class=\" wp-post-image wp-image-556\" title=\"S2\" alt=\"S2\" srcset=\"https:\/\/geo-education.ch\/wp-content\/uploads\/2018\/08\/S2.png 287w, https:\/\/geo-education.ch\/wp-content\/uploads\/2018\/08\/S2-256x260.png 256w, https:\/\/geo-education.ch\/wp-content\/uploads\/2018\/08\/S2-978x995.png 978w\" sizes=\"auto, (max-width: 287px) 100vw, 287px\" \/>\n            \n                <div class=\"module-feature-chart-html5\"\n                                         data-progress=\"0\"\n                         data-progress-end=\"100\"\n                         data-size=\"\"\n                                          >\n                    <div class=\"chart-html5-circle\">\n                                                    <div class=\"chart-html5-mask chart-html5-full\">\n                                <div class=\"chart-html5-fill\"><\/div>\n                            <\/div>\n                            <div class=\"chart-html5-mask chart-html5-half\">\n                                <div class=\"chart-html5-fill\"><\/div>\n                            <\/div>\n                                                <div class=\"chart-html5-inset chart-html5-inset-icon\">\n\n                                                                                            <i class=\"module-feature-icon fa fa-home\"><\/i>                            \n                        <\/div>\n                    <\/div>\n                <\/div>\n\n                        <\/div>\n\n        <div class=\"module-feature-content\">\n\t\t\t\t    <div class=\"tb_text_wrap\">\n\t\t<h5>Apr\u00e8s avoir pass\u00e9 avec succ\u00e8s l\u2019examen de module, vous avez acquis les comp\u00e9tences essentielles suivantes:<\/h5>\n<p>Conna\u00eetre le terme SIG mobile et expliquer leurs composants. Expliquer l\u2019architecture du syst\u00e8me, les interfaces et les syst\u00e8mes. Planifier l\u2019utilisation d\u2019un SIG mobile de mani\u00e8re pertinente, d\u00e9crire les exigences d\u2019un tel syst\u00e8me et conna\u00eetre les technologies actuelles.<\/p>\n<p>En outre, conna\u00eetre les exigences d\u2019un SIT et les composants\/exigences d\u2019un syst\u00e8mes d\u2019information des\u00a0infrastructures\u00a0selon la norme SIA 405.<\/p>\n<p>Sur la base de la partie Web SIG, conna\u00eetre les technologies et produits actuels, mentionner les services de carte et les formats de donn\u00e9es importants, et conna\u00eetre les API et les structures ainsi que les domaines d\u2019application et les limites d\u2019un WebGIS.<\/p>\n<h4>DUR\u00c9E D\u2019\u00c9TUDE<\/h4>\n<h5>P\u00e9riodes enseign\u00e9es<\/h5>\n<p>64 p\u00e9riodes<\/p>\n<h5>P\u00e9riodes de travail individuel<\/h5>\n<p>36 p\u00e9riodes<\/p>\n<h4>PR\u00c9REQUIS (RECOMMANDATIONS)<\/h4>\n<p>Aucun<\/p>\n<h4>COURS, CONTENU ET OBJECTIFS<\/h4>\n<h5><a href=\"https:\/\/geo-education.ch\/?page_id=997&amp;lang=fr\">S2a Web SIG<\/a><\/h5>\n<h5><a href=\"https:\/\/geo-education.ch\/?page_id=1001&amp;lang=fr\">S2b Syst\u00e8mes d\u2019information r\u00e9seaux<\/a><\/h5>\n<h5><a href=\"https:\/\/geo-education.ch\/?page_id=1007&amp;lang=fr\">S2c SIG Mobile<\/a><\/h5>\n<h4>PRIX DU MODULE (TOUS LES COURS ET EXAMEN)<\/h4>\n<p>CHF 1\u2019800 .-<\/p>\t    <\/div>\n\t<\/div>\n\n    <\/div>\n    <!-- \/module feature -->\n\t        <\/div>\n\t    \t<\/div>\n\t\t    <\/div>\n\t    <!-- \/row_inner -->\n\t<\/div>\n\t<!-- \/module_row -->\n\t\t<!-- module_row -->\n\t<div  class=\"themify_builder_row module_row clearfix module_row_1 themify_builder_888_row module_row_888-1 tb_mfvz860\">\n\t    \t    <div class=\"row_inner col_align_top\" >\n\t\t\t<div  class=\"module_column tb-column col-full first tb_888_column module_column_0 module_column_888-1-0 tb_wi9i861\">\n\t    \t    \t        <div class=\"tb-column-inner\">\n\t\t        <!-- module buttons -->\n    <div  class=\"module module-buttons tb_umlk861 xlarge solid squared  \">\n\t        \t<div class=\"module-buttons\">\n                            <div class=\"module-buttons-item buttons-fullwidth \">\n\t\t    \t\t\t<a href=\"https:\/\/geo-education.ch\/?tribe_events_cat=sit-systemes-s2&#038;lang=fr\" class=\"ui builder_button tb_default_color\" target=\"_blank\" rel=\"noopener\">\n\t\t    \t\t    \t\t\t<span>Calendrier des prochains cours et inscription en ligne<\/span>\n\t\t    \t\t    \t\t\t<\/a>\n\t\t                    <\/div>\n                    <\/div>\n    <\/div>\n    <!-- \/module buttons -->\n\t        <\/div>\n\t    \t<\/div>\n\t\t    <\/div>\n\t    <!-- \/row_inner -->\n\t<\/div>\n\t<!-- \/module_row -->\n\t<\/div>\n\n\n","protected":false},"excerpt":{"rendered":"<p>Apr\u00e8s avoir pass\u00e9 avec succ\u00e8s l\u2019examen de module, vous avez acquis les comp\u00e9tences essentielles suivantes: Conna\u00eetre le terme SIG mobile et expliquer leurs composants. Expliquer l\u2019architecture du syst\u00e8me, les interfaces [&hellip;]<\/p>\n","protected":false},"author":2,"featured_media":0,"parent":2063,"menu_order":1,"comment_status":"closed","ping_status":"closed","template":"","meta":{"_price":"","_stock":"","_tribe_ticket_header":"","_tribe_default_ticket_provider":"","_tribe_ticket_capacity":"0","_ticket_start_date":"","_ticket_end_date":"","_tribe_ticket_show_description":"","_tribe_ticket_show_not_going":false,"_tribe_ticket_use_global_stock":"","_tribe_ticket_global_stock_level":"","_global_stock_mode":"","_global_stock_cap":"","_tribe_rsvp_for_event":"","_tribe_ticket_going_count":"","_tribe_ticket_not_going_count":"","_tribe_tickets_list":"[]","_tribe_ticket_has_attendee_info_fields":false,"footnotes":""},"class_list":["post-888","page","type-page","status-publish","hentry","has-post-title","has-post-date","has-post-category","has-post-tag","has-post-comment","has-post-author",""],"_links":{"self":[{"href":"https:\/\/geo-education.ch\/index.php?rest_route=\/wp\/v2\/pages\/888","targetHints":{"allow":["GET"]}}],"collection":[{"href":"https:\/\/geo-education.ch\/index.php?rest_route=\/wp\/v2\/pages"}],"about":[{"href":"https:\/\/geo-education.ch\/index.php?rest_route=\/wp\/v2\/types\/page"}],"author":[{"embeddable":true,"href":"https:\/\/geo-education.ch\/index.php?rest_route=\/wp\/v2\/users\/2"}],"replies":[{"embeddable":true,"href":"https:\/\/geo-education.ch\/index.php?rest_route=%2Fwp%2Fv2%2Fcomments&post=888"}],"version-history":[{"count":23,"href":"https:\/\/geo-education.ch\/index.php?rest_route=\/wp\/v2\/pages\/888\/revisions"}],"predecessor-version":[{"id":15168,"href":"https:\/\/geo-education.ch\/index.php?rest_route=\/wp\/v2\/pages\/888\/revisions\/15168"}],"up":[{"embeddable":true,"href":"https:\/\/geo-education.ch\/index.php?rest_route=\/wp\/v2\/pages\/2063"}],"wp:attachment":[{"href":"https:\/\/geo-education.ch\/index.php?rest_route=%2Fwp%2Fv2%2Fmedia&parent=888"}],"curies":[{"name":"wp","href":"https:\/\/api.w.org\/{rel}","templated":true}]}}