{"id":894,"date":"2018-08-22T14:43:30","date_gmt":"2018-08-22T12:43:30","guid":{"rendered":"http:\/\/geo-education.ch\/?page_id=894"},"modified":"2022-02-20T17:41:22","modified_gmt":"2022-02-20T16:41:22","slug":"module-s3-sit","status":"publish","type":"page","link":"https:\/\/geo-education.ch\/?page_id=894&lang=fr","title":{"rendered":"Module S3 SIT"},"content":{"rendered":"<div id=\"themify_builder_content-894\" data-postid=\"894\" class=\"themify_builder_content themify_builder_content-894 themify_builder\">\n    \t<!-- module_row -->\n\t<div  class=\"themify_builder_row module_row clearfix module_row_0 themify_builder_894_row module_row_894-0 tb_88e44b6\">\n\t    \t    <div class=\"row_inner col_align_top\" >\n\t\t\t<div  class=\"module_column tb-column col-full first tb_894_column module_column_0 module_column_894-0-0 tb_8e5e60f\">\n\t    \t    \t        <div class=\"tb-column-inner\">\n\t\t        <!-- module feature -->\n   <div  class=\"module module-feature tb_c5a2629 with-chart with-overlay-image layout-icon-left size-custom  \">\n        <style type=\"text\/css\">.tb_c5a2629 .module-feature-chart-html5 {\n\t\t\t    box-shadow: inset 0 0 0 3px rgba(0,0,0,.1);\n\t\t\t}\n\t\t\t.tb_c5a2629 .chart-loaded.chart-html5-fill {\n\t\t\t    box-shadow: inset 0 0 0 3px #de5d5d;\n\t\t    }<\/style>\n        \n        <div class=\"module-feature-image\">\n            <img loading=\"lazy\" decoding=\"async\" width=\"305\" height=\"322\" src=\"https:\/\/geo-education.ch\/wp-content\/uploads\/2018\/08\/S3.png\" class=\" wp-post-image wp-image-560\" title=\"S3\" alt=\"S3\" srcset=\"https:\/\/geo-education.ch\/wp-content\/uploads\/2018\/08\/S3.png 305w, https:\/\/geo-education.ch\/wp-content\/uploads\/2018\/08\/S3-284x300.png 284w, https:\/\/geo-education.ch\/wp-content\/uploads\/2018\/08\/S3-256x270.png 256w, https:\/\/geo-education.ch\/wp-content\/uploads\/2018\/08\/S3-978x1032.png 978w\" sizes=\"auto, (max-width: 305px) 100vw, 305px\" \/>\n            \n                <div class=\"module-feature-chart-html5\"\n                                         data-progress=\"0\"\n                         data-progress-end=\"100\"\n                         data-size=\"\"\n                                          >\n                    <div class=\"chart-html5-circle\">\n                                                    <div class=\"chart-html5-mask chart-html5-full\">\n                                <div class=\"chart-html5-fill\"><\/div>\n                            <\/div>\n                            <div class=\"chart-html5-mask chart-html5-half\">\n                                <div class=\"chart-html5-fill\"><\/div>\n                            <\/div>\n                                                <div class=\"chart-html5-inset chart-html5-inset-icon\">\n\n                                                                                            <i class=\"module-feature-icon fa fa-home\" style=\"color: #000\"><\/i>                            \n                        <\/div>\n                    <\/div>\n                <\/div>\n\n                        <\/div>\n\n        <div class=\"module-feature-content\">\n\t\t\t\t    <div class=\"tb_text_wrap\">\n\t\t<h5>Apr\u00e8s avoir pass\u00e9 avec succ\u00e8s l\u2019examen de module, vous avez acquis les comp\u00e9tences essentielles suivantes:<\/h5>\n<p>Etre en mesure d\u2019introduire un syst\u00e8me d\u2019information g\u00e9ographique dans votre environnement de travail, de nommer et d\u00e9crire l\u2019organisation de l\u2019entreprise telle que l\u2019environnement syst\u00e8me, la mise \u00e0 jour, la distribution des g\u00e9odonn\u00e9es et le m\u00e9tasyst\u00e8me.<\/p>\n<p>En outre, pouvoir impl\u00e9menter la structure et la fonctionnalit\u00e9 de syst\u00e8mes d\u2019information g\u00e9ographique et appliquer des techniques de mod\u00e9lisation de donn\u00e9es. D\u00e9crire des m\u00e9thodes de saisie, de gestion, d\u2019analyse et d\u2019\u00e9change de donn\u00e9es et appliquer des visualisations de g\u00e9odonn\u00e9es.<\/p>\n<h4>DUR\u00c9E D\u2019\u00c9TUDE<\/h4>\n<h5>P\u00e9riodes enseign\u00e9es<\/h5>\n<p>64 p\u00e9riodes<\/p>\n<h5>P\u00e9riodes de travail individuel<\/h5>\n<p>32 p\u00e9riodes<\/p>\n<h4>PR\u00c9REQUIS (RECOMMANDATIONS)<\/h4>\n<p>Aucun<\/p>\n<h4>COURS, CONTENU ET OBJECTIFS<\/h4>\n<h5><a href=\"https:\/\/geo-education.ch\/?page_id=1013&amp;lang=fr\">S3a Gestion SIT<\/a><\/h5>\n<h5><a href=\"https:\/\/geo-education.ch\/?page_id=1017&amp;lang=fr\">S3b Projet SIT<\/a><\/h5>\n<h4>PRIX DU MODULE (TOUS LES COURS ET EXAMEN)<\/h4>\n<p>CHF 1\u2019800 .-<\/p>\t    <\/div>\n\t<\/div>\n\n    <\/div>\n    <!-- \/module feature -->\n\t        <\/div>\n\t    \t<\/div>\n\t\t    <\/div>\n\t    <!-- \/row_inner -->\n\t<\/div>\n\t<!-- \/module_row -->\n\t\t<!-- module_row -->\n\t<div  class=\"themify_builder_row module_row clearfix module_row_1 themify_builder_894_row module_row_894-1 tb_34ed39e\">\n\t    \t    <div class=\"row_inner col_align_top\" >\n\t\t\t<div  class=\"module_column tb-column col-full first tb_894_column module_column_0 module_column_894-1-0 tb_e932513\">\n\t    \t    \t        <div class=\"tb-column-inner\">\n\t\t        <!-- module buttons -->\n    <div  class=\"module module-buttons tb_457f59f xlarge solid squared  \">\n\t        \t<div class=\"module-buttons\">\n                            <div class=\"module-buttons-item buttons-fullwidth \">\n\t\t    \t\t\t<a href=\"https:\/\/geo-education.ch\/?tribe_events_cat=sit-s3&#038;lang=fr\" class=\"ui builder_button tb_default_color\" target=\"_blank\" rel=\"noopener\">\n\t\t    \t\t    \t\t\t<span>Calendrier des prochains cours et inscription en ligne<\/span>\n\t\t    \t\t    \t\t\t<\/a>\n\t\t                    <\/div>\n                    <\/div>\n    <\/div>\n    <!-- \/module buttons -->\n\t        <\/div>\n\t    \t<\/div>\n\t\t    <\/div>\n\t    <!-- \/row_inner -->\n\t<\/div>\n\t<!-- \/module_row -->\n\t<\/div>\n\n\n","protected":false},"excerpt":{"rendered":"<p>Apr\u00e8s avoir pass\u00e9 avec succ\u00e8s l\u2019examen de module, vous avez acquis les comp\u00e9tences essentielles suivantes: Etre en mesure d\u2019introduire un syst\u00e8me d\u2019information g\u00e9ographique dans votre environnement de travail, de nommer [&hellip;]<\/p>\n","protected":false},"author":2,"featured_media":0,"parent":2063,"menu_order":2,"comment_status":"closed","ping_status":"closed","template":"","meta":{"_price":"","_stock":"","_tribe_ticket_header":"","_tribe_default_ticket_provider":"","_tribe_ticket_capacity":"0","_ticket_start_date":"","_ticket_end_date":"","_tribe_ticket_show_description":"","_tribe_ticket_show_not_going":false,"_tribe_ticket_use_global_stock":"","_tribe_ticket_global_stock_level":"","_global_stock_mode":"","_global_stock_cap":"","_tribe_rsvp_for_event":"","_tribe_ticket_going_count":"","_tribe_ticket_not_going_count":"","_tribe_tickets_list":"[]","_tribe_ticket_has_attendee_info_fields":false,"footnotes":""},"class_list":["post-894","page","type-page","status-publish","hentry","has-post-title","has-post-date","has-post-category","has-post-tag","has-post-comment","has-post-author",""],"_links":{"self":[{"href":"https:\/\/geo-education.ch\/index.php?rest_route=\/wp\/v2\/pages\/894","targetHints":{"allow":["GET"]}}],"collection":[{"href":"https:\/\/geo-education.ch\/index.php?rest_route=\/wp\/v2\/pages"}],"about":[{"href":"https:\/\/geo-education.ch\/index.php?rest_route=\/wp\/v2\/types\/page"}],"author":[{"embeddable":true,"href":"https:\/\/geo-education.ch\/index.php?rest_route=\/wp\/v2\/users\/2"}],"replies":[{"embeddable":true,"href":"https:\/\/geo-education.ch\/index.php?rest_route=%2Fwp%2Fv2%2Fcomments&post=894"}],"version-history":[{"count":23,"href":"https:\/\/geo-education.ch\/index.php?rest_route=\/wp\/v2\/pages\/894\/revisions"}],"predecessor-version":[{"id":15170,"href":"https:\/\/geo-education.ch\/index.php?rest_route=\/wp\/v2\/pages\/894\/revisions\/15170"}],"up":[{"embeddable":true,"href":"https:\/\/geo-education.ch\/index.php?rest_route=\/wp\/v2\/pages\/2063"}],"wp:attachment":[{"href":"https:\/\/geo-education.ch\/index.php?rest_route=%2Fwp%2Fv2%2Fmedia&parent=894"}],"curies":[{"name":"wp","href":"https:\/\/api.w.org\/{rel}","templated":true}]}}