{"id":926,"date":"2018-08-22T14:50:47","date_gmt":"2018-08-22T12:50:47","guid":{"rendered":"http:\/\/geo-education.ch\/?page_id=926"},"modified":"2025-08-07T15:43:11","modified_gmt":"2025-08-07T13:43:11","slug":"module-s9-geomatique-construction","status":"publish","type":"page","link":"https:\/\/geo-education.ch\/?page_id=926&lang=fr","title":{"rendered":"Module S9 G\u00e9omatique &#038; construction"},"content":{"rendered":"<div id=\"themify_builder_content-926\" data-postid=\"926\" class=\"themify_builder_content themify_builder_content-926 themify_builder\">\n    \t<!-- module_row -->\n\t<div  class=\"themify_builder_row module_row clearfix module_row_0 themify_builder_926_row module_row_926-0 tb_4212df5\">\n\t    \t    <div class=\"row_inner col_align_top\" >\n\t\t\t<div  class=\"module_column tb-column col-full first tb_926_column module_column_0 module_column_926-0-0 tb_737b058\">\n\t    \t    \t        <div class=\"tb-column-inner\">\n\t\t        <!-- module feature -->\n   <div  class=\"module module-feature tb_569d09b with-chart with-overlay-image layout-icon-left size-custom  \">\n        <style type=\"text\/css\">.tb_569d09b .module-feature-chart-html5 {\n\t\t\t    box-shadow: inset 0 0 0 3px rgba(0,0,0,.1);\n\t\t\t}\n\t\t\t.tb_569d09b .chart-loaded.chart-html5-fill {\n\t\t\t    box-shadow: inset 0 0 0 3px #de5d5d;\n\t\t    }<\/style>\n        \n        <div class=\"module-feature-image\">\n            <img loading=\"lazy\" decoding=\"async\" width=\"290\" height=\"315\" src=\"https:\/\/geo-education.ch\/wp-content\/uploads\/2018\/08\/S9.png\" class=\" wp-post-image wp-image-584\" title=\"S9\" alt=\"S9\" srcset=\"https:\/\/geo-education.ch\/wp-content\/uploads\/2018\/08\/S9.png 290w, https:\/\/geo-education.ch\/wp-content\/uploads\/2018\/08\/S9-276x300.png 276w, https:\/\/geo-education.ch\/wp-content\/uploads\/2018\/08\/S9-256x278.png 256w, https:\/\/geo-education.ch\/wp-content\/uploads\/2018\/08\/S9-978x1062.png 978w\" sizes=\"auto, (max-width: 290px) 100vw, 290px\" \/>\n            \n                <div class=\"module-feature-chart-html5\"\n                                         data-progress=\"0\"\n                         data-progress-end=\"100\"\n                         data-size=\"\"\n                                          >\n                    <div class=\"chart-html5-circle\">\n                                                    <div class=\"chart-html5-mask chart-html5-full\">\n                                <div class=\"chart-html5-fill\"><\/div>\n                            <\/div>\n                            <div class=\"chart-html5-mask chart-html5-half\">\n                                <div class=\"chart-html5-fill\"><\/div>\n                            <\/div>\n                                                <div class=\"chart-html5-inset chart-html5-inset-icon\">\n\n                                                                                            <i class=\"module-feature-icon fa fa-home\"><\/i>                            \n                        <\/div>\n                    <\/div>\n                <\/div>\n\n                        <\/div>\n\n        <div class=\"module-feature-content\">\n\t\t\t\t    <div class=\"tb_text_wrap\">\n\t\t<h5>Apr\u00e8s avoir pass\u00e9 avec succ\u00e8s l\u2019examen de module, vous avez acquis les comp\u00e9tences essentielles suivantes:<\/h5>\n<p>se r\u00e9f\u00e9rer aux descriptifs des cours ci-dessous.<\/p>\n<h4>DUR\u00c9E D\u2019\u00c9TUDE<\/h4>\n<h5>P\u00e9riodes enseign\u00e9es<\/h5>\n<p>72 p\u00e9riodes<\/p>\n<h5>P\u00e9riodes de travail individuel<\/h5>\n<p>38 p\u00e9riodes<\/p>\n<h4>PR\u00c9REQUIS (RECOMMANDATIONS)<\/h4>\n<p>Aucun<\/p>\n<h4>COURS, CONTENU ET OBJECTIFS<\/h4>\n<h5><a href=\"https:\/\/geo-education.ch\/?page_id=1095&amp;lang=fr\">S9a Installations techniques<\/a><\/h5>\n<h5><a href=\"https:\/\/geo-education.ch\/?page_id=1099&amp;lang=fr\">S9b Calcul technique<\/a><\/h5>\n<h5><a href=\"https:\/\/geo-education.ch\/?page_id=1104&amp;lang=fr\">S9c Mensuration technique et industrielle<\/a><\/h5>\n<h5><a href=\"https:\/\/geo-education.ch\/?page_id=1108&amp;lang=fr\">S9d Mensuration de chantier<\/a><\/h5>\n<h4>PRIX DU MODULE (TOUS LES COURS ET EXAMEN)<\/h4>\n<p>CHF 2\u2019000 .-<\/p>\n<div id=\"themify_builder_content-926\" class=\"themify_builder_content themify_builder_content-926 themify_builder\" data-postid=\"926\">\u00a0<\/div>\t    <\/div>\n\t<\/div>\n\n    <\/div>\n    <!-- \/module feature -->\n\t        <\/div>\n\t    \t<\/div>\n\t\t    <\/div>\n\t    <!-- \/row_inner -->\n\t<\/div>\n\t<!-- \/module_row -->\n\t\t<!-- module_row -->\n\t<div  class=\"themify_builder_row module_row clearfix module_row_1 themify_builder_926_row module_row_926-1 tb_hl49255\">\n\t    \t    <div class=\"row_inner col_align_top\" >\n\t\t\t<div  class=\"module_column tb-column col-full first tb_926_column module_column_0 module_column_926-1-0 tb_dzph256\">\n\t    \t    \t        <div class=\"tb-column-inner\">\n\t\t        <!-- module buttons -->\n    <div  class=\"module module-buttons tb_uw5m256 xlarge solid squared  \">\n\t        \t<div class=\"module-buttons\">\n                            <div class=\"module-buttons-item buttons-fullwidth \">\n\t\t    \t\t\t<a href=\"https:\/\/geo-education.ch\/?tribe_events_cat=module-s9-geomatique-construction&#038;lang=fr\" class=\"ui builder_button tb_default_color\" target=\"_blank\" rel=\"noopener\">\n\t\t    \t\t    \t\t\t<span>Calendrier des prochains cours et inscription en ligne<\/span>\n\t\t    \t\t    \t\t\t<\/a>\n\t\t                    <\/div>\n                    <\/div>\n    <\/div>\n    <!-- \/module buttons -->\n\t        <\/div>\n\t    \t<\/div>\n\t\t    <\/div>\n\t    <!-- \/row_inner -->\n\t<\/div>\n\t<!-- \/module_row -->\n\t<\/div>\n\n\n","protected":false},"excerpt":{"rendered":"<p>Apr\u00e8s avoir pass\u00e9 avec succ\u00e8s l\u2019examen de module, vous avez acquis les comp\u00e9tences essentielles suivantes: se r\u00e9f\u00e9rer aux descriptifs des cours ci-dessous. DUR\u00c9E D\u2019\u00c9TUDE P\u00e9riodes enseign\u00e9es 72 p\u00e9riodes P\u00e9riodes de [&hellip;]<\/p>\n","protected":false},"author":2,"featured_media":0,"parent":0,"menu_order":8,"comment_status":"closed","ping_status":"closed","template":"","meta":{"_price":"","_stock":"","_tribe_ticket_header":"","_tribe_default_ticket_provider":"","_tribe_ticket_capacity":"0","_ticket_start_date":"","_ticket_end_date":"","_tribe_ticket_show_description":"","_tribe_ticket_show_not_going":false,"_tribe_ticket_use_global_stock":"","_tribe_ticket_global_stock_level":"","_global_stock_mode":"","_global_stock_cap":"","_tribe_rsvp_for_event":"","_tribe_ticket_going_count":"","_tribe_ticket_not_going_count":"","_tribe_tickets_list":"[]","_tribe_ticket_has_attendee_info_fields":false,"footnotes":""},"class_list":["post-926","page","type-page","status-publish","hentry","has-post-title","has-post-date","has-post-category","has-post-tag","has-post-comment","has-post-author",""],"_links":{"self":[{"href":"https:\/\/geo-education.ch\/index.php?rest_route=\/wp\/v2\/pages\/926","targetHints":{"allow":["GET"]}}],"collection":[{"href":"https:\/\/geo-education.ch\/index.php?rest_route=\/wp\/v2\/pages"}],"about":[{"href":"https:\/\/geo-education.ch\/index.php?rest_route=\/wp\/v2\/types\/page"}],"author":[{"embeddable":true,"href":"https:\/\/geo-education.ch\/index.php?rest_route=\/wp\/v2\/users\/2"}],"replies":[{"embeddable":true,"href":"https:\/\/geo-education.ch\/index.php?rest_route=%2Fwp%2Fv2%2Fcomments&post=926"}],"version-history":[{"count":23,"href":"https:\/\/geo-education.ch\/index.php?rest_route=\/wp\/v2\/pages\/926\/revisions"}],"predecessor-version":[{"id":22608,"href":"https:\/\/geo-education.ch\/index.php?rest_route=\/wp\/v2\/pages\/926\/revisions\/22608"}],"wp:attachment":[{"href":"https:\/\/geo-education.ch\/index.php?rest_route=%2Fwp%2Fv2%2Fmedia&parent=926"}],"curies":[{"name":"wp","href":"https:\/\/api.w.org\/{rel}","templated":true}]}}