{"id":932,"date":"2018-08-22T14:52:01","date_gmt":"2018-08-22T12:52:01","guid":{"rendered":"http:\/\/geo-education.ch\/?page_id=932"},"modified":"2022-02-20T17:45:53","modified_gmt":"2022-02-20T16:45:53","slug":"module-s10-technique-de-la-construction","status":"publish","type":"page","link":"https:\/\/geo-education.ch\/?page_id=932&lang=fr","title":{"rendered":"Module S10 Technique de la construction"},"content":{"rendered":"<div id=\"themify_builder_content-932\" data-postid=\"932\" class=\"themify_builder_content themify_builder_content-932 themify_builder\">\n    \t<!-- module_row -->\n\t<div  class=\"themify_builder_row module_row clearfix module_row_0 themify_builder_932_row module_row_932-0 tb_025ce0f\">\n\t    \t    <div class=\"row_inner col_align_top\" >\n\t\t\t<div  class=\"module_column tb-column col-full first tb_932_column module_column_0 module_column_932-0-0 tb_ac4d846\">\n\t    \t    \t        <div class=\"tb-column-inner\">\n\t\t        <!-- module feature -->\n   <div  class=\"module module-feature tb_b44d53c with-chart with-overlay-image layout-icon-left size-custom  \">\n        <style type=\"text\/css\">.tb_b44d53c .module-feature-chart-html5 {\n\t\t\t    box-shadow: inset 0 0 0 3px rgba(0,0,0,.1);\n\t\t\t}\n\t\t\t.tb_b44d53c .chart-loaded.chart-html5-fill {\n\t\t\t    box-shadow: inset 0 0 0 3px #de5d5d;\n\t\t    }<\/style>\n        \n        <div class=\"module-feature-image\">\n            <img loading=\"lazy\" decoding=\"async\" width=\"90\" height=\"89\" src=\"https:\/\/geo-education.ch\/wp-content\/uploads\/2018\/08\/S10.gif\" class=\" wp-post-image wp-image-588\" title=\"S10\" alt=\"S10\" srcset=\"https:\/\/geo-education.ch\/wp-content\/uploads\/2018\/08\/S10.gif 90w, https:\/\/geo-education.ch\/wp-content\/uploads\/2018\/08\/S10-256x250.gif 256w, https:\/\/geo-education.ch\/wp-content\/uploads\/2018\/08\/S10-978x967.gif 978w\" sizes=\"auto, (max-width: 90px) 100vw, 90px\" \/>\n            \n                <div class=\"module-feature-chart-html5\"\n                                         data-progress=\"0\"\n                         data-progress-end=\"100\"\n                         data-size=\"\"\n                                          >\n                    <div class=\"chart-html5-circle\">\n                                                    <div class=\"chart-html5-mask chart-html5-full\">\n                                <div class=\"chart-html5-fill\"><\/div>\n                            <\/div>\n                            <div class=\"chart-html5-mask chart-html5-half\">\n                                <div class=\"chart-html5-fill\"><\/div>\n                            <\/div>\n                                                <div class=\"chart-html5-inset chart-html5-inset-icon\">\n\n                                                                                            <i class=\"module-feature-icon fa fa-home\"><\/i>                            \n                        <\/div>\n                    <\/div>\n                <\/div>\n\n                        <\/div>\n\n        <div class=\"module-feature-content\">\n\t\t\t\t    <div class=\"tb_text_wrap\">\n\t\t<h5>Apr\u00e8s avoir pass\u00e9 avec succ\u00e8s l\u2019examen de module, vous avez acquis les comp\u00e9tences essentielles suivantes:<\/h5>\n<p>se r\u00e9f\u00e9rer aux descriptifs des cours ci-dessous.<\/p>\n<h4>DUR\u00c9E D\u2019\u00c9TUDE<\/h4>\n<h5>P\u00e9riodes enseign\u00e9es<\/h5>\n<p>64 p\u00e9riodes<\/p>\n<h5>P\u00e9riodes de travail individuel<\/h5>\n<p>36 p\u00e9riodes<\/p>\n<h4>PR\u00c9REQUIS (RECOMMANDATIONS)<\/h4>\n<p>Aucun<\/p>\n<h4>COURS, CONTENU ET OBJECTIFS<\/h4>\n<h5><a href=\"https:\/\/geo-education.ch\/?page_id=1116&amp;lang=fr\">S10a Statistique de construction<\/a><\/h5>\n<h5><a href=\"https:\/\/geo-education.ch\/?page_id=1120&amp;lang=fr\">S10b Hydrologie et hydraulique<\/a><\/h5>\n<h5><a href=\"https:\/\/geo-education.ch\/?page_id=1127&amp;lang=fr\">S10c G\u00e9ologie et technique du sol<\/a><\/h5>\n<h4>PRIX DU MODULE (TOUS LES COURS ET EXAMEN)<\/h4>\n<p>CHF 1\u2019800 .-<\/p>\t    <\/div>\n\t<\/div>\n\n    <\/div>\n    <!-- \/module feature -->\n\t        <\/div>\n\t    \t<\/div>\n\t\t    <\/div>\n\t    <!-- \/row_inner -->\n\t<\/div>\n\t<!-- \/module_row -->\n\t<\/div>\n\n\n","protected":false},"excerpt":{"rendered":"<p>Apr\u00e8s avoir pass\u00e9 avec succ\u00e8s l\u2019examen de module, vous avez acquis les comp\u00e9tences essentielles suivantes: se r\u00e9f\u00e9rer aux descriptifs des cours ci-dessous. DUR\u00c9E D\u2019\u00c9TUDE P\u00e9riodes enseign\u00e9es 64 p\u00e9riodes P\u00e9riodes de [&hellip;]<\/p>\n","protected":false},"author":2,"featured_media":0,"parent":2063,"menu_order":9,"comment_status":"closed","ping_status":"closed","template":"","meta":{"_price":"","_stock":"","_tribe_ticket_header":"","_tribe_default_ticket_provider":"","_tribe_ticket_capacity":"0","_ticket_start_date":"","_ticket_end_date":"","_tribe_ticket_show_description":"","_tribe_ticket_show_not_going":false,"_tribe_ticket_use_global_stock":"","_tribe_ticket_global_stock_level":"","_global_stock_mode":"","_global_stock_cap":"","_tribe_rsvp_for_event":"","_tribe_ticket_going_count":"","_tribe_ticket_not_going_count":"","_tribe_tickets_list":"[]","_tribe_ticket_has_attendee_info_fields":false,"footnotes":""},"class_list":["post-932","page","type-page","status-publish","hentry","has-post-title","has-post-date","has-post-category","has-post-tag","has-post-comment","has-post-author",""],"_links":{"self":[{"href":"https:\/\/geo-education.ch\/index.php?rest_route=\/wp\/v2\/pages\/932","targetHints":{"allow":["GET"]}}],"collection":[{"href":"https:\/\/geo-education.ch\/index.php?rest_route=\/wp\/v2\/pages"}],"about":[{"href":"https:\/\/geo-education.ch\/index.php?rest_route=\/wp\/v2\/types\/page"}],"author":[{"embeddable":true,"href":"https:\/\/geo-education.ch\/index.php?rest_route=\/wp\/v2\/users\/2"}],"replies":[{"embeddable":true,"href":"https:\/\/geo-education.ch\/index.php?rest_route=%2Fwp%2Fv2%2Fcomments&post=932"}],"version-history":[{"count":19,"href":"https:\/\/geo-education.ch\/index.php?rest_route=\/wp\/v2\/pages\/932\/revisions"}],"predecessor-version":[{"id":15176,"href":"https:\/\/geo-education.ch\/index.php?rest_route=\/wp\/v2\/pages\/932\/revisions\/15176"}],"up":[{"embeddable":true,"href":"https:\/\/geo-education.ch\/index.php?rest_route=\/wp\/v2\/pages\/2063"}],"wp:attachment":[{"href":"https:\/\/geo-education.ch\/index.php?rest_route=%2Fwp%2Fv2%2Fmedia&parent=932"}],"curies":[{"name":"wp","href":"https:\/\/api.w.org\/{rel}","templated":true}]}}