{"id":9474,"date":"2019-06-18T16:11:44","date_gmt":"2019-06-18T14:11:44","guid":{"rendered":"https:\/\/geo-education.ch\/?page_id=9474"},"modified":"2026-04-23T08:56:54","modified_gmt":"2026-04-23T06:56:54","slug":"startseite","status":"publish","type":"page","link":"https:\/\/geo-education.ch\/?page_id=9474&lang=fr","title":{"rendered":"CF-geo &#8211; Techniquement engag\u00e9 pour fa\u00e7onner l\u2019environnement"},"content":{"rendered":"<div id=\"themify_builder_content-9474\" data-postid=\"9474\" class=\"themify_builder_content themify_builder_content-9474 themify_builder\">\n    \t<!-- module_row -->\n\t<div   class=\"themify_builder_row module_row clearfix module_row_0 themify_builder_9474_row module_row_9474-0 tb_bx2r976\">\n\t    \t    <div class=\"row_inner col_align_middle\"   data-basecol=\"2\" data-col_tablet=\"column-full\" data-col_tablet_landscape=\"column4-2\" data-col_mobile=\"column-full\">\n\t\t\t<div  class=\"module_column tb-column col4-2 first tb_9474_column module_column_0 module_column_9474-0-0 tb_q25t976\" >\n\t    \t    \t        <div class=\"tb-column-inner\">\n\t\t    <!-- module text -->\n<div  class=\"module module-text tb_c1yf976    \" style=\"z-index:3;\">\n            <div  class=\"tb_text_wrap\">\n        <\/div>\n<\/div>\n<!-- \/module text -->\n<!-- module text -->\n<div  class=\"module module-text tb_qq3p976    \">\n                <h3 class=\"module-title\">C\u00e9r\u00e9monie de remise des dipl\u00f4mes 2026<\/h3>        <div  class=\"tb_text_wrap\">\n    <h5>27 novembre 2026, H\u00f4tel Kreuz \u00e0 Berne, de 18h \u00e0 21h<\/h5>    <\/div>\n<\/div>\n<!-- \/module text -->\n    <!-- module buttons -->\n    <div  class=\"module module-buttons tb_m86y976 normal outline rounded  \">\n\t        \t<div class=\"module-buttons\">\n                            <div class=\"module-buttons-item buttons-fullwidth \">\n\t\t    \t\t\t<a href=\"https:\/\/geo-education.ch\/?tribe_events=ceremonie-de-remise-des-diplomes-2026&#038;lang=fr\" class=\"ui builder_button red\" >\n\t\t    \t\t    \t\t\t<span>INSCRIPTION<\/span>\n\t\t    \t\t    \t\t\t<\/a>\n\t\t                    <\/div>\n                    <\/div>\n    <\/div>\n    <!-- \/module buttons -->\n\t        <\/div>\n\t    \t<\/div>\n\t\t<div  class=\"module_column tb-column col4-2 last tb_9474_column module_column_1 module_column_9474-0-1 tb_7j0r977\" >\n\t    \t    \t        <div class=\"tb-column-inner\">\n\t\t    <!-- module text -->\n<div  class=\"module module-text tb_54w9977    \" style=\"z-index:3;\">\n            <div  class=\"tb_text_wrap\">\n        <\/div>\n<\/div>\n<!-- \/module text -->\n    <!-- module image -->\n    <div  class=\"module module-image tb_1oax977  image-top  \">\n\t                <div class=\"image-wrap\">\n                            <img loading=\"lazy\" decoding=\"async\" width=\"1920\" height=\"1281\" src=\"https:\/\/geo-education.ch\/wp-content\/uploads\/2026\/02\/cocktails-3252160_1920.jpg\" class=\" wp-post-image wp-image-25283\" title=\"cocktails-3252160_1920\" alt=\"cocktails-3252160_1920\" srcset=\"https:\/\/geo-education.ch\/wp-content\/uploads\/2026\/02\/cocktails-3252160_1920.jpg 1920w, https:\/\/geo-education.ch\/wp-content\/uploads\/2026\/02\/cocktails-3252160_1920-300x200.jpg 300w, https:\/\/geo-education.ch\/wp-content\/uploads\/2026\/02\/cocktails-3252160_1920-1024x683.jpg 1024w, https:\/\/geo-education.ch\/wp-content\/uploads\/2026\/02\/cocktails-3252160_1920-768x512.jpg 768w, https:\/\/geo-education.ch\/wp-content\/uploads\/2026\/02\/cocktails-3252160_1920-1536x1025.jpg 1536w\" sizes=\"auto, (max-width: 1920px) 100vw, 1920px\" \/>            \n                        <\/div>\n            <!-- \/image-wrap -->\n        \n        \n        <\/div>\n    <!-- \/module image -->\n\t        <\/div>\n\t    \t<\/div>\n\t\t    <\/div>\n\t    <!-- \/row_inner -->\n\t<\/div>\n\t<!-- \/module_row -->\n\t\t<!-- module_row -->\n\t<div   class=\"themify_builder_row module_row clearfix module_row_1 themify_builder_9474_row module_row_9474-1 tb_sdf4649\">\n\t    \t    <div class=\"row_inner col_align_top\" >\n\t\t\t<div  class=\"module_column tb-column col-full first tb_9474_column module_column_0 module_column_9474-1-0 tb_u4b1649\">\n\t    \t    \t        <div class=\"tb-column-inner\">\n\t\t        <!-- module divider -->\n    <div  class=\"module module-divider tb_j1un650 solid    \" style=\"border-width: 2px;border-color: #ffffff;margin-top: 14px;\">\n\t            <\/div>\n    <!-- \/module divider -->\n\t        <\/div>\n\t    \t<\/div>\n\t\t    <\/div>\n\t    <!-- \/row_inner -->\n\t<\/div>\n\t<!-- \/module_row -->\n\t\t<!-- module_row -->\n\t<div   class=\"themify_builder_row module_row clearfix module_row_2 themify_builder_9474_row module_row_9474-2 tb_mzi1599\">\n\t    \t    <div class=\"row_inner col_align_middle\"   data-basecol=\"1\" data-col_tablet=\"column-full\" data-col_tablet_landscape=\"column4-2\" data-col_mobile=\"column-full\">\n\t\t\t<div  class=\"module_column tb-column col-full first tb_9474_column module_column_0 module_column_9474-2-0 tb_o5gs600\" >\n\t    \t    \t        <div class=\"tb-column-inner\">\n\t\t    <!-- module text -->\n<div  class=\"module module-text tb_tiim600    \">\n                <h3 class=\"module-title\">Inscriptions vol\u00e9e 8 - Complet<\/h3>        <div  class=\"tb_text_wrap\">\n    <p><strong>Une s\u00e9ance d&#8217;information<\/strong> en ligne sur le lancement de la nouvelle vol\u00e9e 8 a \u00e9t\u00e9 organis\u00e9e <strong>le mercredi 27 ao\u00fbt 2025<\/strong>. <a href=\"https:\/\/geo-education.ch\/wp-content\/uploads\/2025\/08\/Presentation-aout-2025-CF-geo.pdf\" target=\"_blank\" rel=\"noopener\"><strong>T\u00e9l\u00e9chargez ici la pr\u00e9sentation au format PDF\u00a0<\/strong><\/a><\/p>\n<p>Nous vous informons que les inscriptions pour la <strong>vol\u00e9e 8<\/strong>, qui d\u00e9bute en <strong>mars 2026<\/strong>, sont d\u00e9sormais <strong>compl\u00e8tes<\/strong>. Il est toutefois toujours possible de s&#8217;inscrire aux <strong>modules de sp\u00e9cialisation<\/strong>.<\/p>    <\/div>\n<\/div>\n<!-- \/module text -->\n    <!-- module buttons -->\n    <div  class=\"module module-buttons tb_10qx601 normal outline rounded  \">\n\t        \t<div class=\"module-buttons\">\n                            <div class=\"module-buttons-item buttons-fullwidth \">\n\t\t    \t\t\t<a href=\"https:\/\/geo-education.ch\/wp-content\/uploads\/2025\/10\/Formulaire_inscription_CF-geo_volee_8_2026-a-2029.xlsx\" class=\"ui builder_button red\" >\n\t\t    \t\t    \t\t\t<span>Formulaire d'incription vol\u00e9e 8 (2026-2029)<\/span>\n\t\t    \t\t    \t\t\t<\/a>\n\t\t                    <\/div>\n                    <\/div>\n    <\/div>\n    <!-- \/module buttons -->\n\t        <\/div>\n\t    \t<\/div>\n\t\t    <\/div>\n\t    <!-- \/row_inner -->\n\t<\/div>\n\t<!-- \/module_row -->\n\t\t<!-- module_row -->\n\t<div  class=\"themify_builder_row module_row clearfix module_row_3 themify_builder_9474_row module_row_9474-3 tb_7vh8883\">\n\t    \t    <div class=\"row_inner col_align_top\" >\n\t\t\t<div  class=\"module_column tb-column col-full first tb_9474_column module_column_0 module_column_9474-3-0 tb_70bn883\">\n\t    \t    \t        <div class=\"tb-column-inner\">\n\t\t        <!-- module divider -->\n    <div  class=\"module module-divider tb_9mjo883 solid    \" style=\"border-width: 2px;border-color: #ffffff;margin-top: 14px;\">\n\t            <\/div>\n    <!-- \/module divider -->\n\t        <\/div>\n\t    \t<\/div>\n\t\t    <\/div>\n\t    <!-- \/row_inner -->\n\t<\/div>\n\t<!-- \/module_row -->\n\t\t<!-- module_row -->\n\t<div   class=\"themify_builder_row module_row clearfix module_row_4 themify_builder_9474_row module_row_9474-4 tb_5kyz451\">\n\t    \t    <div class=\"row_inner col_align_top\" >\n\t\t\t<div  class=\"module_column tb-column col4-2 first tb_9474_column module_column_0 module_column_9474-4-0 tb_pm8h992\">\n\t    \t    \t        <div class=\"tb-column-inner\">\n\t\t        <!-- module feature -->\n   <div  class=\"module module-feature tb_cxd9992 with-chart layout-icon-top size-small  \">\n        <style type=\"text\/css\">.tb_cxd9992 .module-feature-chart-html5 {\n\t\t\t    box-shadow: inset 0 0 0 3px rgba(0,0,0,.1);\n\t\t\t}\n\t\t\t.tb_cxd9992 .chart-loaded.chart-html5-fill {\n\t\t\t    box-shadow: inset 0 0 0 3px #de5d5d;\n\t\t    }<\/style>\n        \n        <div class=\"module-feature-image\">\n            \n                            <a href=\"https:\/\/geo-education.ch\/?page_id=755&#038;lang=fr\"  >\n                   \n                <div class=\"module-feature-chart-html5\"\n                                         data-progress=\"0\"\n                         data-progress-end=\"100\"\n                         data-size=\"100\"\n                                          >\n                    <div class=\"chart-html5-circle\">\n                                                    <div class=\"chart-html5-mask chart-html5-full\">\n                                <div class=\"chart-html5-fill\"><\/div>\n                            <\/div>\n                            <div class=\"chart-html5-mask chart-html5-half\">\n                                <div class=\"chart-html5-fill\"><\/div>\n                            <\/div>\n                                                <div class=\"chart-html5-inset\">\n\n                            \t\t\t\t\t\t\t\t    \t\t\t\t    <img decoding=\"async\" src=\"https:\/\/geo-education.ch\/wp-content\/uploads\/2018\/08\/B2.png\" alt=\"Module B2 Communication\" \/>\n\t\t\t\t                            \n                        <\/div>\n                    <\/div>\n                <\/div>\n\n                                <\/a>\n                    <\/div>\n\n        <div class=\"module-feature-content\">\n\t\t\t                                        <h3 class=\"module-feature-title\">\n                                                                                                                                            <a href=\"https:\/\/geo-education.ch\/?page_id=755&#038;lang=fr\">Module B2 Communication<\/a>\n                                                                                    <\/h3>\n                                \t    <div class=\"tb_text_wrap\">\n\t\t<p>du 24 mars au 12 mai 2026<\/p>\n<p><a href=\"https:\/\/geo-education.ch\/wp-content\/uploads\/2026\/01\/B2_organisation8.pdf\" target=\"_blank\" rel=\"noopener\">Programme du module en format PDF<\/a><\/p>\t    <\/div>\n\t<\/div>\n\n    <\/div>\n    <!-- \/module feature -->\n\t        <\/div>\n\t    \t<\/div>\n\t\t<div  class=\"module_column tb-column col4-2 last tb_9474_column module_column_1 module_column_9474-4-1 tb_kffs420\">\n\t    \t    \t        <div class=\"tb-column-inner\">\n\t\t        <!-- module feature -->\n   <div  class=\"module module-feature tb_4nls192 with-chart layout-icon-top size-small  \">\n        <style type=\"text\/css\">.tb_4nls192 .module-feature-chart-html5 {\n\t\t\t    box-shadow: inset 0 0 0 3px rgba(0,0,0,.1);\n\t\t\t}\n\t\t\t.tb_4nls192 .chart-loaded.chart-html5-fill {\n\t\t\t    box-shadow: inset 0 0 0 3px #de5d5d;\n\t\t    }<\/style>\n        \n        <div class=\"module-feature-image\">\n            \n                            <a href=\"https:\/\/geo-education.ch\/?page_id=605&#038;lang=fr\"  >\n                   \n                <div class=\"module-feature-chart-html5\"\n                                         data-progress=\"0\"\n                         data-progress-end=\"100\"\n                         data-size=\"100\"\n                                          >\n                    <div class=\"chart-html5-circle\">\n                                                    <div class=\"chart-html5-mask chart-html5-full\">\n                                <div class=\"chart-html5-fill\"><\/div>\n                            <\/div>\n                            <div class=\"chart-html5-mask chart-html5-half\">\n                                <div class=\"chart-html5-fill\"><\/div>\n                            <\/div>\n                                                <div class=\"chart-html5-inset\">\n\n                            \t\t\t\t\t\t\t\t    \t\t\t\t    <img decoding=\"async\" src=\"https:\/\/geo-education.ch\/wp-content\/uploads\/2018\/08\/B1.png\" alt=\"Module B1 Personnalit\u00e9\" \/>\n\t\t\t\t                            \n                        <\/div>\n                    <\/div>\n                <\/div>\n\n                                <\/a>\n                    <\/div>\n\n        <div class=\"module-feature-content\">\n\t\t\t                                        <h3 class=\"module-feature-title\">\n                                                                                                                                            <a href=\"https:\/\/geo-education.ch\/?page_id=605&#038;lang=fr\">Module B1 Personnalit\u00e9<\/a>\n                                                                                    <\/h3>\n                                \t    <div class=\"tb_text_wrap\">\n\t\t<p>du 20 mai au 28 ao\u00fbt 2026<\/p>\n<p><a href=\"https:\/\/geo-education.ch\/wp-content\/uploads\/2026\/03\/B1_organisation_8.pdf\" target=\"_blank\" rel=\"noopener\">Programme du module en format PDF<\/a><\/p>\t    <\/div>\n\t<\/div>\n\n    <\/div>\n    <!-- \/module feature -->\n\t        <\/div>\n\t    \t<\/div>\n\t\t    <\/div>\n\t    <!-- \/row_inner -->\n\t<\/div>\n\t<!-- \/module_row -->\n\t\t<!-- module_row -->\n\t<div  class=\"themify_builder_row module_row clearfix module_row_5 themify_builder_9474_row module_row_9474-5 tb_tmi7590\">\n\t    \t    <div class=\"row_inner col_align_top\" >\n\t\t\t<div  class=\"module_column tb-column col-full first tb_9474_column module_column_0 module_column_9474-5-0 tb_5dfu591\">\n\t    \t    \t        <div class=\"tb-column-inner\">\n\t\t        <!-- module divider -->\n    <div  class=\"module module-divider tb_6zwe591 solid    \" style=\"border-width: 2px;border-color: #ffffff;margin-top: 14px;\">\n\t            <\/div>\n    <!-- \/module divider -->\n\t        <\/div>\n\t    \t<\/div>\n\t\t    <\/div>\n\t    <!-- \/row_inner -->\n\t<\/div>\n\t<!-- \/module_row -->\n\t<\/div>\n\n\n","protected":false},"excerpt":{"rendered":"<p>C\u00e9r\u00e9monie de remise des dipl\u00f4mes 2026 27 novembre 2026, H\u00f4tel Kreuz \u00e0 Berne, de 18h \u00e0 21h INSCRIPTION Inscriptions vol\u00e9e 8 &#8211; Complet Une s\u00e9ance d&#8217;information en ligne sur le [&hellip;]<\/p>\n","protected":false},"author":2,"featured_media":0,"parent":0,"menu_order":0,"comment_status":"closed","ping_status":"closed","template":"","meta":{"_price":"","_stock":"","_tribe_ticket_header":"","_tribe_default_ticket_provider":"","_tribe_ticket_capacity":"0","_ticket_start_date":"","_ticket_end_date":"","_tribe_ticket_show_description":"","_tribe_ticket_show_not_going":false,"_tribe_ticket_use_global_stock":"","_tribe_ticket_global_stock_level":"","_global_stock_mode":"","_global_stock_cap":"","_tribe_rsvp_for_event":"","_tribe_ticket_going_count":"","_tribe_ticket_not_going_count":"","_tribe_tickets_list":"[]","_tribe_ticket_has_attendee_info_fields":false,"footnotes":""},"class_list":["post-9474","page","type-page","status-publish","hentry","has-post-title","has-post-date","has-post-category","has-post-tag","has-post-comment","has-post-author",""],"_links":{"self":[{"href":"https:\/\/geo-education.ch\/index.php?rest_route=\/wp\/v2\/pages\/9474","targetHints":{"allow":["GET"]}}],"collection":[{"href":"https:\/\/geo-education.ch\/index.php?rest_route=\/wp\/v2\/pages"}],"about":[{"href":"https:\/\/geo-education.ch\/index.php?rest_route=\/wp\/v2\/types\/page"}],"author":[{"embeddable":true,"href":"https:\/\/geo-education.ch\/index.php?rest_route=\/wp\/v2\/users\/2"}],"replies":[{"embeddable":true,"href":"https:\/\/geo-education.ch\/index.php?rest_route=%2Fwp%2Fv2%2Fcomments&post=9474"}],"version-history":[{"count":484,"href":"https:\/\/geo-education.ch\/index.php?rest_route=\/wp\/v2\/pages\/9474\/revisions"}],"predecessor-version":[{"id":25689,"href":"https:\/\/geo-education.ch\/index.php?rest_route=\/wp\/v2\/pages\/9474\/revisions\/25689"}],"wp:attachment":[{"href":"https:\/\/geo-education.ch\/index.php?rest_route=%2Fwp%2Fv2%2Fmedia&parent=9474"}],"curies":[{"name":"wp","href":"https:\/\/api.w.org\/{rel}","templated":true}]}}